{"id":10691,"date":"2023-01-02T19:52:08","date_gmt":"2023-01-02T22:52:08","guid":{"rendered":"https:\/\/marfdisegno.com\/?page_id=10691"},"modified":"2023-01-02T19:52:08","modified_gmt":"2023-01-02T22:52:08","slug":"linguae","status":"publish","type":"page","link":"https:\/\/pruebas.marfdisegno.com\/index.php\/linguae\/","title":{"rendered":"Linguae"},"content":{"rendered":"<p><img decoding=\"async\" width=\"641\" height=\"370\" src=\"https:\/\/marfdisegno.com\/wp-content\/uploads\/2023\/02\/MARF-Logotipo-Albus-SVG_Mesa-de-trabajo-1-copia-11.svg\" alt=\"Marf Disegno\" loading=\"lazy\" \/><\/p>\n<h2>Selecciona un idioma \/<br \/>\nSeleziona una lingua \/<br \/>\nSelecione um idioma \/<br \/>\nS\u00e9lectionner une langue:<\/h2>\n<p>\t\t\t\t\t\t\t\t\t\t\t\t\t\t\t\t<a href=\"https:\/\/marfdisegno.com\/\"><br \/>\n\t\t\t\t\t\t\t<img decoding=\"async\" width=\"32\" height=\"24\" src=\"https:\/\/marfdisegno.com\/wp-content\/uploads\/2023\/01\/es_CL.svg\" alt=\"\" loading=\"lazy\" \/>\t\t\t\t\t\t\t\t<\/a><\/p>\n<h2>Espa\u00f1ol<\/h2>\n<p>\t\t\t\t\t\t\t\t\t\t\t\t\t\t\t\t<a href=\"https:\/\/marfdisegno.com\/it\/\"><br \/>\n\t\t\t\t\t\t\t<img decoding=\"async\" width=\"32\" height=\"24\" src=\"https:\/\/marfdisegno.com\/wp-content\/uploads\/2023\/01\/it_IT.svg\" alt=\"\" loading=\"lazy\" \/>\t\t\t\t\t\t\t\t<\/a><\/p>\n<h2>Italiano<\/h2>\n<p>\t\t\t\t\t\t\t\t\t\t\t\t\t\t\t\t<a href=\"https:\/\/marfdisegno.com\/pt\/\"><br \/>\n\t\t\t\t\t\t\t<img decoding=\"async\" width=\"720\" height=\"504\" src=\"https:\/\/marfdisegno.com\/wp-content\/uploads\/2023\/01\/brazil.svg\" alt=\"\" loading=\"lazy\" \/>\t\t\t\t\t\t\t\t<\/a><\/p>\n<h2>Portugu\u00eas<\/h2>\n<p>\t\t\t\t\t\t\t\t\t\t\t\t\t\t\t\t<a href=\"https:\/\/marfdisegno.com\/fr\/\"><br \/>\n\t\t\t\t\t\t\t<img decoding=\"async\" width=\"32\" height=\"24\" src=\"https:\/\/marfdisegno.com\/wp-content\/uploads\/2023\/01\/fr_FR.svg\" alt=\"\" loading=\"lazy\" \/>\t\t\t\t\t\t\t\t<\/a><\/p>\n<h2>Fran\u00e7aise<\/h2>\n<p>\t\t\t\t\t\t\t\t\t\t\t\t\t\t\t\t<a href=\"https:\/\/marfdisegno.com\/\"><br \/>\n\t\t\t\t\t\t\t<img decoding=\"async\" width=\"642\" height=\"371\" src=\"https:\/\/pruebas.marfdisegno.com\/wp-content\/uploads\/2021\/12\/MARF-DISEGNO-Albus-Logotipo-v26.02.2021.png\" alt=\"\" loading=\"lazy\" srcset=\"https:\/\/pruebas.marfdisegno.com\/wp-content\/uploads\/2021\/12\/MARF-DISEGNO-Albus-Logotipo-v26.02.2021.png 642w, https:\/\/pruebas.marfdisegno.com\/wp-content\/uploads\/2021\/12\/MARF-DISEGNO-Albus-Logotipo-v26.02.2021-300x173.png 300w\" sizes=\"auto, (max-width: 642px) 100vw, 642px\" \/>\t\t\t\t\t\t\t\t<\/a><\/p>\n<p><a href=\"https:\/\/marfdisegno.com\/contacto\">Contacto<\/a><\/p>\n<p><a href=\"https:\/\/marfdisegno.com\/enlaces\/\" target=\"_blank\" rel=\"nofollow noopener\">Enlaces<\/a><\/p>\n<p><a href=\"https:\/\/marfdisegno.com\/todos-mis-sitios-y-webs\/\">Sitios &#038; Webs<br \/>\n<\/a><\/p>\n<p><a href=\"https:\/\/marfdisegno.com\/acerca-de\/\"> Marf Disegno<\/a><\/p>\n<p><a href=\"https:\/\/marfdisegno.com\/politica-de-privacidad\/\">Pol\u00edtica de Privacidad (Es \/ Spa)<br \/>\n<\/a><\/p>\n<p><a href=\"https:\/\/marfdisegno.com\/terminos-y-condiciones\/\">T\u00e9rminos y condiciones (Es \/ Spa)<br \/>\n<\/a><\/p>\n<p><a href=\"https:\/\/fotografia.marfdisegno.com\" target=\"_blank\" rel=\"noopener\">Marf Fotograf\u00eda<\/a><\/p>\n<p><a href=\"https:\/\/marfdisegno.blogspot.com\/\" target=\"_blank\" rel=\"nofollow noopener\">Blog<\/a><\/p>\n<p>\t\t\t\t\t<a href=\"https:\/\/www.instagram.com\/marf_disegno\/\" target=\"_blank\" rel=\"noopener\"><br \/>\n\t\t\t\t\t\tInstagram<br \/>\n\t\t\t\t\t\t\t\t\t\t\t<\/a><br \/>\n\t\t\t\t\t<a href=\"https:\/\/www.facebook.com\/marf.disegno\/\" target=\"_blank\" rel=\"noopener\"><br \/>\n\t\t\t\t\t\tFacebook-f<br \/>\n\t\t\t\t\t\t\t\t\t\t\t<\/a><br \/>\n\t\t\t\t\t<a href=\"https:\/\/www.pinterest.it\/marfdisegno\/\" target=\"_blank\" rel=\"noopener\"><br \/>\n\t\t\t\t\t\tPinterest<br \/>\n\t\t\t\t\t\t\t\t\t\t\t<\/a><br \/>\n\t\t\t\t\t<a href=\"https:\/\/www.behance.net\/marfdisegno\" target=\"_blank\" rel=\"noopener\"><br \/>\n\t\t\t\t\t\tBehance<br \/>\n\t\t\t\t\t\t\t\t\t\t\t<\/a><br \/>\n\t\t\t\t\t<a href=\"https:\/\/marfdisegno.blogspot.com\/\" target=\"_blank\" rel=\"noopener\"><br \/>\n\t\t\t\t\t\tBlogger-b<br \/>\n\t\t\t\t\t\t\t\t\t\t\t<\/a><br \/>\n\t\t\t\t\t<a href=\"https:\/\/www.youtube.com\/channel\/UChPiuTk6sacG5uBopdBrokg\" target=\"_blank\" rel=\"noopener\"><br \/>\n\t\t\t\t\t\tYoutube<br \/>\n\t\t\t\t\t\t\t\t\t\t\t<\/a><\/p>\n<p>\u00a9 MMXXIII TDR TODOS LOS DERECHOS RESERVADOS   &#8211;   Marf Disegno<\/p>\n","protected":false},"excerpt":{"rendered":"<p>Selecciona un idioma \/ Seleziona una lingua \/ Selecione um idioma \/ S\u00e9lectionner une langue: Espa\u00f1ol Italiano Portugu\u00eas Fran\u00e7aise Contacto Enlaces Sitios &#038; Webs Marf Disegno Pol\u00edtica de Privacidad (Es \/ Spa) T\u00e9rminos y condiciones (Es \/ Spa) Marf Fotograf\u00eda Blog Instagram Facebook-f Pinterest Behance Blogger-b Youtube \u00a9 MMXXIII TDR TODOS LOS DERECHOS RESERVADOS &#8211; [&hellip;]<\/p>\n","protected":false},"author":1,"featured_media":11488,"parent":0,"menu_order":0,"comment_status":"closed","ping_status":"closed","template":"elementor_canvas","meta":{"footnotes":""},"class_list":["post-10691","page","type-page","status-publish","has-post-thumbnail","hentry"],"_links":{"self":[{"href":"https:\/\/pruebas.marfdisegno.com\/index.php\/wp-json\/wp\/v2\/pages\/10691","targetHints":{"allow":["GET"]}}],"collection":[{"href":"https:\/\/pruebas.marfdisegno.com\/index.php\/wp-json\/wp\/v2\/pages"}],"about":[{"href":"https:\/\/pruebas.marfdisegno.com\/index.php\/wp-json\/wp\/v2\/types\/page"}],"author":[{"embeddable":true,"href":"https:\/\/pruebas.marfdisegno.com\/index.php\/wp-json\/wp\/v2\/users\/1"}],"replies":[{"embeddable":true,"href":"https:\/\/pruebas.marfdisegno.com\/index.php\/wp-json\/wp\/v2\/comments?post=10691"}],"version-history":[{"count":0,"href":"https:\/\/pruebas.marfdisegno.com\/index.php\/wp-json\/wp\/v2\/pages\/10691\/revisions"}],"wp:featuredmedia":[{"embeddable":true,"href":"https:\/\/pruebas.marfdisegno.com\/index.php\/wp-json\/wp\/v2\/media\/11488"}],"wp:attachment":[{"href":"https:\/\/pruebas.marfdisegno.com\/index.php\/wp-json\/wp\/v2\/media?parent=10691"}],"curies":[{"name":"wp","href":"https:\/\/api.w.org\/{rel}","templated":true}]}}