{"id":1324,"date":"2020-09-28T15:36:36","date_gmt":"2020-09-28T18:36:36","guid":{"rendered":"https:\/\/marfdisegno.wordpress.com\/?page_id=1324"},"modified":"2020-09-28T15:36:36","modified_gmt":"2020-09-28T18:36:36","slug":"dismortum","status":"publish","type":"page","link":"https:\/\/pruebas.marfdisegno.com\/index.php\/marcas\/dismortum\/","title":{"rendered":"Dismortum"},"content":{"rendered":"\n<div class=\"wp-block-cover alignfull has-background-dim-60 has-background-dim\" style=\"background-color:#000000;min-height:620px;aspect-ratio:unset;\"><img decoding=\"async\" class=\"wp-block-cover__image-background wp-image-1332\" alt=\"\" src=\"https:\/\/marfdisegno.files.wordpress.com\/2020\/09\/murcielago.png\" style=\"object-position:50% 70%\" data-object-fit=\"cover\" data-object-position=\"50% 70%\"\/><div class=\"wp-block-cover__inner-container is-layout-flow wp-block-cover-is-layout-flow\">\n<div class=\"wp-block-jetpack-layout-grid alignfull column1-desktop-grid__span-10 column1-desktop-grid__start-2 column1-desktop-grid__row-1 column1-tablet-grid__span-8 column1-tablet-grid__row-1 column1-mobile-grid__span-4 column1-mobile-grid__row-1 wp-block-jetpack-layout-gutter__nowrap\">\n<div class=\"wp-block-jetpack-layout-grid-column wp-block-jetpack-layout-grid__padding-none\">\n<div class=\"wp-block-image\"><figure class=\"aligncenter size-large\"><img decoding=\"async\" src=\"https:\/\/marfdisegno.files.wordpress.com\/2020\/09\/dismortum-logotipo-blanco-v-01.10.2019.png?w=453\" alt=\"\" class=\"wp-image-1333\"\/><\/figure><\/div>\n\n\n\n<p class=\"has-text-align-center\" style=\"font-size:80px\">\ud83d\udc7b\ud83d\udc80\ud83d\ude08<\/p>\n\n\n\n<p class=\"has-text-align-justify margin-top-none has-text-color\" style=\"color:#ffffff\"><strong>DISMORTUM<\/strong> es una plataforma dedicada a el misterio, el miedo, terror, etc., Presentado a trav\u00e9s de diversos medios visuales y de distintas plataformas propias. Contracci\u00f3n de \u201cDies Mortuorum\u201d (D\u00eda de los muertos, en Lat\u00edn) es una propuesta alternativa, en base a ra\u00edces de cultura Latina frente a halloween.<\/p>\n\n\n\n<div class=\"wp-block-buttons is-content-justification-center is-layout-flex wp-block-buttons-is-layout-flex\"><\/div>\n<\/div>\n<\/div>\n<\/div><\/div>\n\n\n\n<a href=\"https:\/\/www.pinterest.cl\/marfdisegno\/dismortum\/\" class=\"wp-block-jetpack-pinterest\">https:\/\/www.pinterest.cl\/marfdisegno\/dismortum\/<\/a>\n","protected":false},"excerpt":{"rendered":"","protected":false},"author":1,"featured_media":2908,"parent":653,"menu_order":0,"comment_status":"closed","ping_status":"closed","template":"elementor_header_footer","meta":{"footnotes":""},"class_list":["post-1324","page","type-page","status-publish","has-post-thumbnail","hentry"],"_links":{"self":[{"href":"https:\/\/pruebas.marfdisegno.com\/index.php\/wp-json\/wp\/v2\/pages\/1324","targetHints":{"allow":["GET"]}}],"collection":[{"href":"https:\/\/pruebas.marfdisegno.com\/index.php\/wp-json\/wp\/v2\/pages"}],"about":[{"href":"https:\/\/pruebas.marfdisegno.com\/index.php\/wp-json\/wp\/v2\/types\/page"}],"author":[{"embeddable":true,"href":"https:\/\/pruebas.marfdisegno.com\/index.php\/wp-json\/wp\/v2\/users\/1"}],"replies":[{"embeddable":true,"href":"https:\/\/pruebas.marfdisegno.com\/index.php\/wp-json\/wp\/v2\/comments?post=1324"}],"version-history":[{"count":0,"href":"https:\/\/pruebas.marfdisegno.com\/index.php\/wp-json\/wp\/v2\/pages\/1324\/revisions"}],"up":[{"embeddable":true,"href":"https:\/\/pruebas.marfdisegno.com\/index.php\/wp-json\/wp\/v2\/pages\/653"}],"wp:featuredmedia":[{"embeddable":true,"href":"https:\/\/pruebas.marfdisegno.com\/index.php\/wp-json\/wp\/v2\/media\/2908"}],"wp:attachment":[{"href":"https:\/\/pruebas.marfdisegno.com\/index.php\/wp-json\/wp\/v2\/media?parent=1324"}],"curies":[{"name":"wp","href":"https:\/\/api.w.org\/{rel}","templated":true}]}}