{"id":2533,"date":"2021-08-24T02:03:28","date_gmt":"2021-08-24T02:03:28","guid":{"rendered":"https:\/\/marfdisegno.com\/?page_id=2533"},"modified":"2021-08-24T02:03:28","modified_gmt":"2021-08-24T02:03:28","slug":"inicio-2","status":"publish","type":"page","link":"https:\/\/pruebas.marfdisegno.com\/","title":{"rendered":"Dise\u00f1o | Fotograf\u00eda | Id.Gr\u00e1fica | Dise\u00f1o Web"},"content":{"rendered":"<p>\n\t\t\t\t\tMarf<br \/>\n\t\t\t\tDise\u00f1o\u3164<br \/>\n\t\t\t\tFotograf\u00eda\u3164<br \/>\n\t\t\t\tDise\u00f1o&nbsp;web\u3164<br \/>\n\t\t\t\tId.&nbsp;Gr\u00e1fica\u3164\n\t\t\t\t<\/p>\n<h3>Historias<br \/>\nCapturadas<\/h3>\n<p>\t\t\t<a href=\"https:\/\/marfdisegno.com\/portafolium\/\"><br \/>\n\t\t\t\t\t\tPortafolium<br \/>\n\t\t\t\t\t<\/a><br \/>\n\t\t\t<a href=\"https:\/\/marfdisegno.com\/marcas\/\"><br \/>\n\t\t\t\t\t\tMarcas<br \/>\n\t\t\t\t\t<\/a><br \/>\n\t\t\t\t\t<a href=\"https:\/\/www.instagram.com\/marf_disegno\/\" target=\"_blank\" rel=\"noopener\"><br \/>\n\t\t\t\t\t\tInstagram<br \/>\n\t\t\t\t\t\t\t\t\t\t\t<\/a><br \/>\n\t\t\t\t\t<a href=\"https:\/\/www.facebook.com\/marf.disegno\/\" target=\"_blank\" rel=\"noopener\"><br \/>\n\t\t\t\t\t\tFacebook<br \/>\n\t\t\t\t\t\t\t\t\t\t\t<\/a><br \/>\n\t\t\t\t\t<a href=\"https:\/\/www.pinterest.es\/marfdisegno\/\" target=\"_blank\" rel=\"noopener\"><br \/>\n\t\t\t\t\t\tPinterest<br \/>\n\t\t\t\t\t\t\t\t\t\t\t<\/a><br \/>\n\t\t\t\t\t<a href=\"https:\/\/500px.com\/marf_marf\" target=\"_blank\" rel=\"noopener\"><br \/>\n\t\t\t\t\t\t500px<br \/>\n\t\t\t\t\t\t\t\t\t\t\t<\/a><br \/>\n\t\t\t\t\t<a href=\"https:\/\/www.tiktok.com\/@marf_foto\" target=\"_blank\" rel=\"nofollow noopener\"><br \/>\n\t\t\t\t\t\tTiktok<br \/>\n\t\t\t\t\t\t\t\t\t\t\t<\/a><br \/>\n\t\t\t\t\t<a href=\"https:\/\/www.behance.net\/marfdisegno\" target=\"_blank\" rel=\"noopener\"><br \/>\n\t\t\t\t\t\tBehance<br \/>\n\t\t\t\t\t\t\t\t\t\t\t<\/a><br \/>\n\t\t\t\t\t<a href=\"https:\/\/marfdisegno.blogspot.com\/\" target=\"_blank\" rel=\"noopener\"><br \/>\n\t\t\t\t\t\tBlogger-b<br \/>\n\t\t\t\t\t\t\t\t\t\t\t<\/a><br \/>\n\t\t\t\t\t<a href=\"https:\/\/www.flickr.com\/photos\/marf-marf\/\" target=\"_blank\" rel=\"noopener\"><br \/>\n\t\t\t\t\t\tFlickr<br \/>\n\t\t\t\t\t\t\t\t\t\t\t<\/a><br \/>\n\t\t\t\t\t<a href=\"https:\/\/www.youtube.com\/channel\/UChPiuTk6sacG5uBopdBrokg\" target=\"_blank\" rel=\"noopener\"><br \/>\n\t\t\t\t\t\tYoutube<br \/>\n\t\t\t\t\t\t\t\t\t\t\t<\/a><br \/>\n\t\t\t\t\t<a href=\"https:\/\/stock.adobe.com\/es\/contributor\/208142157\/Marf%20Disegno\" target=\"_blank\" rel=\"noopener\"><br \/>\n\t\t\t\t\t\tIcon-Adobe-Stock-Albus<br \/>\n\t\t\t\t\t\t\t\t\t\t\t<\/a><br \/>\n\t\t\t\t\t\t\t<a href=\"https:\/\/marfdisegno.com\/acerca-de\/\"><br \/>\n\t\t<\/a><br \/>\n\t\t\t\t\t\t\t<a href=\"https:\/\/marfdisegno.com\/marcas\/inzzpira\/\"><br \/>\n\t\t<\/a><br \/>\n\t\t\t\t\t\t\t<a href=\"https:\/\/marfdisegno.com\/marcas\/nocturx\/\"><br \/>\n\t\t<\/a><br \/>\n\t\t\t\t\t\t\t<a href=\"https:\/\/marfdisegno.com\/marcas\/ars-focus\/\"><br \/>\n\t\t<\/a><br \/>\n\t\t\t\t\t\t\t<a href=\"https:\/\/marfdisegno.com\/marcas\/retroving\/\"><br \/>\n\t\t<\/a><br \/>\n\t\t\t\t\t\t\t<a href=\"https:\/\/marfdisegno.com\/marcas\/marf-fotografia\/\"><br \/>\n\t\t<\/a><br \/>\n\t\t\t\t\t\t\t<a href=\"https:\/\/marfdisegno.com\/marcas\/vestigie\/\"><br \/>\n\t\t<\/a><br \/>\n\t\t\t\t\t\t\t\t\t\t\t\t\t\tPrevious<br \/>\n\t\t\t\t\t\t\t\t\t\t\t\t\t\tNext<\/p>\n<style>\n .titulo-proyectos {\n background: #fff;\n     font-family: \"Red Hat Display\", Sans-serif;\n    font-size: 25px;\n    font-weight: 500;\n    font-style: italic;\n    padding-left: 25px;\n }\n<\/style>\n<p> Proyectos<\/p>\n<style>\n .barra-texto a {\n    color: white;\n }\n<\/style>\n<p><marquee behavior=\"scroll\" direction=\"left\" scrolldelay=\"500\" scrollamount=\"70\"><a href=\u201d\/proyectos\/\u201d>\ud83e\udc82 VER TODOS LOS PROYECTOS\u3164\/\u3164VEDI TUTTI I PROGETTI\u3164\/\u3164VER TODOS OS PROJETOS\u3164\/\u3164VOIR TOUS LES PROJETS \ud83e\udc7d  <\/a><\/marquee><\/p>\n<h5>Destacados<\/h5>\n<p>\t\t\t\tFotografia.MarfDisegno<br \/>.com<br \/>\n\t\t\t\t\t\tTodo mi portafolio fotogr\u00e1fico reunido en un solo lugar<br \/>\n\t\t\t\t\t<a href=\"https:\/\/fotografia.marfdisegno.com\/\" target=\"_blank\" rel=\"nofollow noopener\"><br \/>\n\t\t\t\t\t\tVISITAR\t\t\t\t\t<\/a><br \/>\n\t\t\t\tInzzpira<br \/>\n\t\t\t\t\t\tINZZPIRA es una plataforma tem\u00e1tica sobre la Naturaleza; el dise\u00f1o verde, flora y fauna, materiales, colores&#8230;<br \/>\n\t\t\t\t\t<a href=\"https:\/\/marfdisegno.com\/marcas\/inzzpira\/\"><br \/>\n\t\t\t\t\t\tVer\t\t\t\t\t<\/a><br \/>\n\t\t\t\tNocturx<br \/>\n\t\t\t\t\t\tNOCTURX es una plataforma tem\u00e1tica sobre la Noche; Fotograf\u00eda, ambientes, lugares, objetos, \u00e9pocas, efectos, luces y colores. Se centra en&#8230;<br \/>\n\t\t\t\t\t<a href=\"https:\/\/marfdisegno.com\/marcas\/nocturx\/\"><br \/>\n\t\t\t\t\t\tver\t\t\t\t\t<\/a><\/p>\n<h3>Apasionado por la Naturaleza<\/h3>\n<p>\t\t\t<a href=\"https:\/\/marfdisegno.com\/marcas\/inzzpira\/\"><br \/>\n\t\t\t\t\t\tVer mi Trabajo en Inzzpira<br \/>\n\t\t\t\t\t<\/a><br \/>\n\t\t\t<a href=\"https:\/\/www.inzzpira.com\/\"><br \/>\n\t\t\t\t\t\tVISITAR INZZPIRA<br \/>\n\t\t\t\t\t<\/a><br \/>\n\t\t\t\t\t\t\t\t\t\t\t\t\t\t\t<img decoding=\"async\" width=\"1600\" height=\"1067\" src=\"https:\/\/pruebas.marfdisegno.com\/wp-content\/uploads\/2022\/10\/Sj_Cementerio.jpg\" alt=\"Sj_Cementerio\" loading=\"lazy\" srcset=\"https:\/\/pruebas.marfdisegno.com\/wp-content\/uploads\/2022\/10\/Sj_Cementerio.jpg 1600w, https:\/\/pruebas.marfdisegno.com\/wp-content\/uploads\/2022\/10\/Sj_Cementerio-300x200.jpg 300w, https:\/\/pruebas.marfdisegno.com\/wp-content\/uploads\/2022\/10\/Sj_Cementerio-1024x683.jpg 1024w, https:\/\/pruebas.marfdisegno.com\/wp-content\/uploads\/2022\/10\/Sj_Cementerio-768x512.jpg 768w, https:\/\/pruebas.marfdisegno.com\/wp-content\/uploads\/2022\/10\/Sj_Cementerio-1536x1024.jpg 1536w, https:\/\/pruebas.marfdisegno.com\/wp-content\/uploads\/2022\/10\/Sj_Cementerio-1200x800.jpg 1200w\" sizes=\"auto, (max-width: 1600px) 100vw, 1600px\" \/><br \/>\n\t\t\t<a href=\"https:\/\/fotografia.marfdisegno.com\/\" target=\"_blank\" rel=\"nofollow noopener\"><br \/>\n\t\t\t\t\t\tIr a Marf Fotograf\u00eda<br \/>\n\t\t\t\t\t<\/a><br \/>\n\t\t\t\t\t\t\t\t\t\t\t\t\t\t\t<img decoding=\"async\" width=\"1400\" height=\"933\" src=\"https:\/\/pruebas.marfdisegno.com\/wp-content\/uploads\/2022\/02\/IMG_6836-Comp-Copiar.jpg\" alt=\"\" loading=\"lazy\" srcset=\"https:\/\/pruebas.marfdisegno.com\/wp-content\/uploads\/2022\/02\/IMG_6836-Comp-Copiar.jpg 1400w, https:\/\/pruebas.marfdisegno.com\/wp-content\/uploads\/2022\/02\/IMG_6836-Comp-Copiar-300x200.jpg 300w, https:\/\/pruebas.marfdisegno.com\/wp-content\/uploads\/2022\/02\/IMG_6836-Comp-Copiar-1024x682.jpg 1024w, https:\/\/pruebas.marfdisegno.com\/wp-content\/uploads\/2022\/02\/IMG_6836-Comp-Copiar-768x512.jpg 768w, https:\/\/pruebas.marfdisegno.com\/wp-content\/uploads\/2022\/02\/IMG_6836-Comp-Copiar-1200x800.jpg 1200w\" sizes=\"auto, (max-width: 1400px) 100vw, 1400px\" \/><br \/>\n\t\t\t\t\t\t\t\t\t\t\t\t\t\t\t<img decoding=\"async\" width=\"1600\" height=\"1067\" src=\"https:\/\/pruebas.marfdisegno.com\/wp-content\/uploads\/2021\/09\/IMG_0127editado2-Comprim.jpg\" alt=\"\" loading=\"lazy\" srcset=\"https:\/\/pruebas.marfdisegno.com\/wp-content\/uploads\/2021\/09\/IMG_0127editado2-Comprim.jpg 1600w, https:\/\/pruebas.marfdisegno.com\/wp-content\/uploads\/2021\/09\/IMG_0127editado2-Comprim-300x200.jpg 300w, https:\/\/pruebas.marfdisegno.com\/wp-content\/uploads\/2021\/09\/IMG_0127editado2-Comprim-1024x683.jpg 1024w, https:\/\/pruebas.marfdisegno.com\/wp-content\/uploads\/2021\/09\/IMG_0127editado2-Comprim-768x512.jpg 768w, https:\/\/pruebas.marfdisegno.com\/wp-content\/uploads\/2021\/09\/IMG_0127editado2-Comprim-1536x1024.jpg 1536w, https:\/\/pruebas.marfdisegno.com\/wp-content\/uploads\/2021\/09\/IMG_0127editado2-Comprim-1200x800.jpg 1200w\" sizes=\"auto, (max-width: 1600px) 100vw, 1600px\" \/><br \/>\n\t\t\t\t\t\t\t\t\t\t\t\t\t\t\t<img decoding=\"async\" width=\"1600\" height=\"1067\" src=\"https:\/\/pruebas.marfdisegno.com\/wp-content\/uploads\/2022\/09\/IMG_7781-Copiar.jpg\" alt=\"\" loading=\"lazy\" srcset=\"https:\/\/pruebas.marfdisegno.com\/wp-content\/uploads\/2022\/09\/IMG_7781-Copiar.jpg 1600w, https:\/\/pruebas.marfdisegno.com\/wp-content\/uploads\/2022\/09\/IMG_7781-Copiar-300x200.jpg 300w, https:\/\/pruebas.marfdisegno.com\/wp-content\/uploads\/2022\/09\/IMG_7781-Copiar-1024x683.jpg 1024w, https:\/\/pruebas.marfdisegno.com\/wp-content\/uploads\/2022\/09\/IMG_7781-Copiar-768x512.jpg 768w, https:\/\/pruebas.marfdisegno.com\/wp-content\/uploads\/2022\/09\/IMG_7781-Copiar-1536x1024.jpg 1536w, https:\/\/pruebas.marfdisegno.com\/wp-content\/uploads\/2022\/09\/IMG_7781-Copiar-1200x800.jpg 1200w\" sizes=\"auto, (max-width: 1600px) 100vw, 1600px\" \/><br \/>\n\t\t\t\t\t\t\t\t\t\t\t\t\t\t\t<img decoding=\"async\" width=\"1600\" height=\"1067\" src=\"https:\/\/pruebas.marfdisegno.com\/wp-content\/uploads\/2022\/09\/IMG_7304-Copiar.jpg\" alt=\"\" loading=\"lazy\" srcset=\"https:\/\/pruebas.marfdisegno.com\/wp-content\/uploads\/2022\/09\/IMG_7304-Copiar.jpg 1600w, https:\/\/pruebas.marfdisegno.com\/wp-content\/uploads\/2022\/09\/IMG_7304-Copiar-300x200.jpg 300w, https:\/\/pruebas.marfdisegno.com\/wp-content\/uploads\/2022\/09\/IMG_7304-Copiar-1024x683.jpg 1024w, https:\/\/pruebas.marfdisegno.com\/wp-content\/uploads\/2022\/09\/IMG_7304-Copiar-768x512.jpg 768w, https:\/\/pruebas.marfdisegno.com\/wp-content\/uploads\/2022\/09\/IMG_7304-Copiar-1536x1024.jpg 1536w, https:\/\/pruebas.marfdisegno.com\/wp-content\/uploads\/2022\/09\/IMG_7304-Copiar-1200x800.jpg 1200w\" sizes=\"auto, (max-width: 1600px) 100vw, 1600px\" \/><br \/>\n\t\t\t\t\t\t\t\t\t\t\t\t\t\t\t<img decoding=\"async\" width=\"1152\" height=\"768\" src=\"https:\/\/pruebas.marfdisegno.com\/wp-content\/uploads\/2022\/09\/San-Javier_Cementerio_2022-1.jpg\" alt=\"\" loading=\"lazy\" srcset=\"https:\/\/pruebas.marfdisegno.com\/wp-content\/uploads\/2022\/09\/San-Javier_Cementerio_2022-1.jpg 1152w, https:\/\/pruebas.marfdisegno.com\/wp-content\/uploads\/2022\/09\/San-Javier_Cementerio_2022-1-300x200.jpg 300w, https:\/\/pruebas.marfdisegno.com\/wp-content\/uploads\/2022\/09\/San-Javier_Cementerio_2022-1-1024x683.jpg 1024w, https:\/\/pruebas.marfdisegno.com\/wp-content\/uploads\/2022\/09\/San-Javier_Cementerio_2022-1-768x512.jpg 768w\" sizes=\"auto, (max-width: 1152px) 100vw, 1152px\" \/><br \/>\n\t\t\t\t\t\t\t\t\t\t\t\t\t\t\t<img decoding=\"async\" width=\"1600\" height=\"1067\" src=\"https:\/\/pruebas.marfdisegno.com\/wp-content\/uploads\/2022\/09\/IMG_7304-Copiar.jpg\" alt=\"\" loading=\"lazy\" srcset=\"https:\/\/pruebas.marfdisegno.com\/wp-content\/uploads\/2022\/09\/IMG_7304-Copiar.jpg 1600w, https:\/\/pruebas.marfdisegno.com\/wp-content\/uploads\/2022\/09\/IMG_7304-Copiar-300x200.jpg 300w, https:\/\/pruebas.marfdisegno.com\/wp-content\/uploads\/2022\/09\/IMG_7304-Copiar-1024x683.jpg 1024w, https:\/\/pruebas.marfdisegno.com\/wp-content\/uploads\/2022\/09\/IMG_7304-Copiar-768x512.jpg 768w, https:\/\/pruebas.marfdisegno.com\/wp-content\/uploads\/2022\/09\/IMG_7304-Copiar-1536x1024.jpg 1536w, https:\/\/pruebas.marfdisegno.com\/wp-content\/uploads\/2022\/09\/IMG_7304-Copiar-1200x800.jpg 1200w\" sizes=\"auto, (max-width: 1600px) 100vw, 1600px\" \/><br \/>\n\t\t\t<a href=\"https:\/\/fotografia.marfdisegno.com\/\" target=\"_blank\" rel=\"nofollow noopener\"><br \/>\n\t\t\t\t\t\tIr a Marf Fotograf\u00eda<br \/>\n\t\t\t\t\t<\/a><br \/>\n\t\t\t\t\t\t\t\t\t\t\t\t\t\t\t<img decoding=\"async\" width=\"1400\" height=\"933\" src=\"https:\/\/pruebas.marfdisegno.com\/wp-content\/uploads\/2022\/02\/IMG_6836-Comp-Copiar.jpg\" alt=\"\" loading=\"lazy\" srcset=\"https:\/\/pruebas.marfdisegno.com\/wp-content\/uploads\/2022\/02\/IMG_6836-Comp-Copiar.jpg 1400w, https:\/\/pruebas.marfdisegno.com\/wp-content\/uploads\/2022\/02\/IMG_6836-Comp-Copiar-300x200.jpg 300w, https:\/\/pruebas.marfdisegno.com\/wp-content\/uploads\/2022\/02\/IMG_6836-Comp-Copiar-1024x682.jpg 1024w, https:\/\/pruebas.marfdisegno.com\/wp-content\/uploads\/2022\/02\/IMG_6836-Comp-Copiar-768x512.jpg 768w, https:\/\/pruebas.marfdisegno.com\/wp-content\/uploads\/2022\/02\/IMG_6836-Comp-Copiar-1200x800.jpg 1200w\" sizes=\"auto, (max-width: 1400px) 100vw, 1400px\" \/><br \/>\n\t\t\t\t\t\t\t\t\t\t\t\t\t\t\t<img decoding=\"async\" width=\"1600\" height=\"1067\" src=\"https:\/\/pruebas.marfdisegno.com\/wp-content\/uploads\/2021\/09\/IMG_0127editado2-Comprim.jpg\" alt=\"\" loading=\"lazy\" srcset=\"https:\/\/pruebas.marfdisegno.com\/wp-content\/uploads\/2021\/09\/IMG_0127editado2-Comprim.jpg 1600w, https:\/\/pruebas.marfdisegno.com\/wp-content\/uploads\/2021\/09\/IMG_0127editado2-Comprim-300x200.jpg 300w, https:\/\/pruebas.marfdisegno.com\/wp-content\/uploads\/2021\/09\/IMG_0127editado2-Comprim-1024x683.jpg 1024w, https:\/\/pruebas.marfdisegno.com\/wp-content\/uploads\/2021\/09\/IMG_0127editado2-Comprim-768x512.jpg 768w, https:\/\/pruebas.marfdisegno.com\/wp-content\/uploads\/2021\/09\/IMG_0127editado2-Comprim-1536x1024.jpg 1536w, https:\/\/pruebas.marfdisegno.com\/wp-content\/uploads\/2021\/09\/IMG_0127editado2-Comprim-1200x800.jpg 1200w\" sizes=\"auto, (max-width: 1600px) 100vw, 1600px\" \/><br \/>\n\t\t\t\t\t\t\t\t\t\t\t\t\t\t\t<img decoding=\"async\" width=\"1600\" height=\"1067\" src=\"https:\/\/pruebas.marfdisegno.com\/wp-content\/uploads\/2022\/09\/IMG_7781-Copiar.jpg\" alt=\"\" loading=\"lazy\" srcset=\"https:\/\/pruebas.marfdisegno.com\/wp-content\/uploads\/2022\/09\/IMG_7781-Copiar.jpg 1600w, https:\/\/pruebas.marfdisegno.com\/wp-content\/uploads\/2022\/09\/IMG_7781-Copiar-300x200.jpg 300w, https:\/\/pruebas.marfdisegno.com\/wp-content\/uploads\/2022\/09\/IMG_7781-Copiar-1024x683.jpg 1024w, https:\/\/pruebas.marfdisegno.com\/wp-content\/uploads\/2022\/09\/IMG_7781-Copiar-768x512.jpg 768w, https:\/\/pruebas.marfdisegno.com\/wp-content\/uploads\/2022\/09\/IMG_7781-Copiar-1536x1024.jpg 1536w, https:\/\/pruebas.marfdisegno.com\/wp-content\/uploads\/2022\/09\/IMG_7781-Copiar-1200x800.jpg 1200w\" sizes=\"auto, (max-width: 1600px) 100vw, 1600px\" \/><\/p>\n<h3>Nueva vida a la Historia<\/h3>\n<p>\t\t\t<a href=\"https:\/\/marfdisegno.com\/marcas\/ars-focus\/\"><br \/>\n\t\t\t\t\t\tVer mi Trabajo en ARS FOCUS<br \/>\n\t\t\t\t\t<\/a><br \/>\n\t\t\t<a href=\"https:\/\/www.arsfocus.com\/\"><br \/>\n\t\t\t\t\t\tVISITAR ARS FOCUS<br \/>\n\t\t\t\t\t<\/a><\/p>\n<h3>Contenidos disponibles<\/h3>\n<p>\t\t\t<a href=\"https:\/\/stock.adobe.com\/contributor\/208142157\/marf?load_type=author&#038;prev_url=detail\" target=\"_blank\" rel=\"nofollow noopener\"><br \/>\n\t\t\t\t\t\tVer Perfil en Adobe Stock<br \/>\n\t\t\t\t\t<\/a><br \/>\n\t\t\t<!-- Place  tag where you want the feed to appear --><br \/>\n<a href=\"https:\/\/curator.io\" target=\"_blank\" rel=\"noopener\">Powered by Curator.io<\/a><!-- The Javascript can be moved to the end of the html page before the <\/body> tag --><\/p>\n<h6>\u00daltimas Notas<\/h6>\n<p>\t\t\t\t\t\t\t<a href=\"https:\/\/marfdisegno.com\/acerca-de\"><br \/>\n\t\t\t\t\t\t\t<img decoding=\"async\" src=\"https:\/\/pruebas.marfdisegno.com\/wp-content\/uploads\/2023\/02\/MARF-Perfil-09.01.2021.png\" alt=\"Actualizaci\u00f3n\"><br \/>\n\t\t\t\t\t\t\t\t\t\t<cite>Actualizaci\u00f3nAcerca de \/Es<\/cite>\t\t\t\t\tRead More\t\t\t\t<\/a><br \/>\n\t\t\t\t\t\tSe ha actualizado la p\u00e1gina \u00abacerca de\u00bb en Espa\u00f1ol<br \/>\n\t\t\t\t\t\t\t<a href=\"https:\/\/marfdisegno.com\/todos-mis-sitios-y-webs\/\"><br \/>\n\t\t\t\t\t\t\t<img decoding=\"async\" src=\"https:\/\/pruebas.marfdisegno.com\/wp-content\/uploads\/2023\/02\/MARF-Perfil-09.01.2021.png\" alt=\"Actualizaci\u00f3n\"><br \/>\n\t\t\t\t\t\t\t\t\t\t<cite>Actualizaci\u00f3nTodos los Sitios &amp; Webs<\/cite>\t\t\t\t\tRead More\t\t\t\t<\/a><br \/>\n\t\t\t\t\t\tSe han actualizado los enlaces, im\u00e1genes y  ubicaciones de la secci\u00f3n \u00abTodos los sitios y webs\u00bb. Mantenemos al d\u00eda esta secci\u00f3n para as\u00ed disponer de un indice con todos nuestras webs y perfiles en distintas redes.<br \/>\n\t\t\t\t\t\t\t<a href=\"https:\/\/marfdisegno.com\/todos-mis-sitios-y-webs\/\"><br \/>\n\t\t\t\t\t\t\t<img decoding=\"async\" src=\"https:\/\/pruebas.marfdisegno.com\/wp-content\/uploads\/2023\/02\/MARF-Perfil-09.01.2021.png\" alt=\"Actualizaci\u00f3n\"><br \/>\n\t\t\t\t\t\t\t\t\t\t<cite>Actualizaci\u00f3nTodos los Sitios &amp; Webs<\/cite>\t\t\t\t\tRead More\t\t\t\t<\/a><br \/>\n\t\t\t\t\t\tSe han actualizado los enlaces, im\u00e1genes y  ubicaciones de la secci\u00f3n \u00abTodos los sitios y webs\u00bb. Mantenemos al d\u00eda esta secci\u00f3n para as\u00ed disponer de un indice con todos nuestras webs y perfiles en distintas redes.<br \/>\n\t\t\t\t\t\t\t\t\t\t\t\t\t\tPrevious<br \/>\n\t\t\t\t\t\t\t\t\t\t\t\t\t\tNext<\/p>\n","protected":false},"excerpt":{"rendered":"<p>Marf Dise\u00f1o\u3164 Fotograf\u00eda\u3164 Dise\u00f1o&nbsp;web\u3164 Id.&nbsp;Gr\u00e1fica\u3164 Historias Capturadas Portafolium Marcas Instagram Facebook Pinterest 500px Tiktok Behance Blogger-b Flickr Youtube Icon-Adobe-Stock-Albus Previous Next Proyectos \ud83e\udc82 VER TODOS LOS PROYECTOS\u3164\/\u3164VEDI TUTTI I PROGETTI\u3164\/\u3164VER TODOS OS PROJETOS\u3164\/\u3164VOIR TOUS LES PROJETS \ud83e\udc7d Destacados Fotografia.MarfDisegno.com Todo mi portafolio fotogr\u00e1fico reunido en un solo lugar VISITAR Inzzpira INZZPIRA es una plataforma tem\u00e1tica [&hellip;]<\/p>\n","protected":false},"author":1,"featured_media":2493,"parent":0,"menu_order":0,"comment_status":"closed","ping_status":"closed","template":"elementor_header_footer","meta":{"footnotes":""},"class_list":["post-2533","page","type-page","status-publish","has-post-thumbnail","hentry"],"_links":{"self":[{"href":"https:\/\/pruebas.marfdisegno.com\/index.php\/wp-json\/wp\/v2\/pages\/2533","targetHints":{"allow":["GET"]}}],"collection":[{"href":"https:\/\/pruebas.marfdisegno.com\/index.php\/wp-json\/wp\/v2\/pages"}],"about":[{"href":"https:\/\/pruebas.marfdisegno.com\/index.php\/wp-json\/wp\/v2\/types\/page"}],"author":[{"embeddable":true,"href":"https:\/\/pruebas.marfdisegno.com\/index.php\/wp-json\/wp\/v2\/users\/1"}],"replies":[{"embeddable":true,"href":"https:\/\/pruebas.marfdisegno.com\/index.php\/wp-json\/wp\/v2\/comments?post=2533"}],"version-history":[{"count":0,"href":"https:\/\/pruebas.marfdisegno.com\/index.php\/wp-json\/wp\/v2\/pages\/2533\/revisions"}],"wp:featuredmedia":[{"embeddable":true,"href":"https:\/\/pruebas.marfdisegno.com\/index.php\/wp-json\/wp\/v2\/media\/2493"}],"wp:attachment":[{"href":"https:\/\/pruebas.marfdisegno.com\/index.php\/wp-json\/wp\/v2\/media?parent=2533"}],"curies":[{"name":"wp","href":"https:\/\/api.w.org\/{rel}","templated":true}]}}