{"id":356,"date":"2020-05-08T12:31:54","date_gmt":"2020-05-08T16:31:54","guid":{"rendered":"https:\/\/marfdisegno.wordpress.com\/?page_id=356"},"modified":"2020-05-08T12:31:54","modified_gmt":"2020-05-08T16:31:54","slug":"portafolium","status":"publish","type":"page","link":"https:\/\/pruebas.marfdisegno.com\/index.php\/portafolium\/","title":{"rendered":"Portafolium"},"content":{"rendered":"<h6>Categor\u00edas<\/h6>\n<p>\t\t\t\t\t\t<a href=\"https:\/\/marfdisegno.com\/portafolium\/fotografia\/\"><br \/>\n\t\t\t\t\t\t\t\t\t\t\t\t\t\t\t\t\t\t\tFotograf\u00eda<br \/>\n\t\t\t<\/a><br \/>\n\t\t\t\t\t\t<a href=\"https:\/\/marfdisegno.com\/portafolium\/restauracion-colorizacion-digital\/\"><br \/>\n\t\t\t\t\t\t\t\t\t\t\t\t\t\t\t\t\t\t\tRestauraci\u00f3n <br \/> &#038; Colorizaci\u00f3n Digital<br \/>\n\t\t\t<\/a><br \/>\n\t\t\t\t\t\t<a href=\"https:\/\/marfdisegno.com\/portafolium\/paginas-sitios-web\/\"><br \/>\n\t\t\t\t\t\t\t\t\t\t\t\t\t\t\t\t\t\t\tP\u00e1ginas &#038; Sitios Web<br \/>\n\t\t\t<\/a><br \/>\n\t\t\t\t\t\t<a href=\"https:\/\/marfdisegno.com\/portafolium\/fotomontajes-y-edicion-fotografica\/\"><br \/>\n\t\t\t\t\t\t\t\t\t\t\t\t\t\t\t\t\t\t\tFotomontaje <br \/> &#038; Edici\u00f3n Fotogr\u00e1fica<br \/>\n\t\t\t<\/a><br \/>\n\t\t\t\t\t\t<a href=\"https:\/\/marfdisegno.com\/portafolium\/identidad-grafica\/\"><br \/>\n\t\t\t\t\t\t\t\t\t\t\t\t\t\t\t\t\t\t\tIdentidad Gr\u00e1fica<br \/>\n\t\t\t<\/a><\/p>\n","protected":false},"excerpt":{"rendered":"<p>Categor\u00edas Fotograf\u00eda Restauraci\u00f3n &#038; Colorizaci\u00f3n Digital P\u00e1ginas &#038; Sitios Web Fotomontaje &#038; Edici\u00f3n Fotogr\u00e1fica Identidad Gr\u00e1fica<\/p>\n","protected":false},"author":1,"featured_media":4200,"parent":0,"menu_order":0,"comment_status":"closed","ping_status":"closed","template":"elementor_header_footer","meta":{"footnotes":""},"class_list":["post-356","page","type-page","status-publish","has-post-thumbnail","hentry"],"_links":{"self":[{"href":"https:\/\/pruebas.marfdisegno.com\/index.php\/wp-json\/wp\/v2\/pages\/356","targetHints":{"allow":["GET"]}}],"collection":[{"href":"https:\/\/pruebas.marfdisegno.com\/index.php\/wp-json\/wp\/v2\/pages"}],"about":[{"href":"https:\/\/pruebas.marfdisegno.com\/index.php\/wp-json\/wp\/v2\/types\/page"}],"author":[{"embeddable":true,"href":"https:\/\/pruebas.marfdisegno.com\/index.php\/wp-json\/wp\/v2\/users\/1"}],"replies":[{"embeddable":true,"href":"https:\/\/pruebas.marfdisegno.com\/index.php\/wp-json\/wp\/v2\/comments?post=356"}],"version-history":[{"count":0,"href":"https:\/\/pruebas.marfdisegno.com\/index.php\/wp-json\/wp\/v2\/pages\/356\/revisions"}],"wp:featuredmedia":[{"embeddable":true,"href":"https:\/\/pruebas.marfdisegno.com\/index.php\/wp-json\/wp\/v2\/media\/4200"}],"wp:attachment":[{"href":"https:\/\/pruebas.marfdisegno.com\/index.php\/wp-json\/wp\/v2\/media?parent=356"}],"curies":[{"name":"wp","href":"https:\/\/api.w.org\/{rel}","templated":true}]}}