{"id":4457,"date":"2021-09-18T16:02:16","date_gmt":"2021-09-18T19:02:16","guid":{"rendered":"https:\/\/marfdisegno.com\/?page_id=4457"},"modified":"2021-09-18T16:02:16","modified_gmt":"2021-09-18T19:02:16","slug":"proyectos","status":"publish","type":"page","link":"https:\/\/pruebas.marfdisegno.com\/index.php\/proyectos\/","title":{"rendered":"Proyectos"},"content":{"rendered":"<h6>Todos los<\/h6>\n<h1>Proyectos<\/h1>\n<h2>Aqu\u00ed encuentras la recopilaci\u00f3n de todas las entradas de esta p\u00e1gina.<\/h2>\n","protected":false},"excerpt":{"rendered":"<p>Todos los Proyectos Aqu\u00ed encuentras la recopilaci\u00f3n de todas las entradas de esta p\u00e1gina.<\/p>\n","protected":false},"author":1,"featured_media":4462,"parent":0,"menu_order":0,"comment_status":"closed","ping_status":"closed","template":"elementor_header_footer","meta":{"footnotes":""},"class_list":["post-4457","page","type-page","status-publish","has-post-thumbnail","hentry"],"_links":{"self":[{"href":"https:\/\/pruebas.marfdisegno.com\/index.php\/wp-json\/wp\/v2\/pages\/4457","targetHints":{"allow":["GET"]}}],"collection":[{"href":"https:\/\/pruebas.marfdisegno.com\/index.php\/wp-json\/wp\/v2\/pages"}],"about":[{"href":"https:\/\/pruebas.marfdisegno.com\/index.php\/wp-json\/wp\/v2\/types\/page"}],"author":[{"embeddable":true,"href":"https:\/\/pruebas.marfdisegno.com\/index.php\/wp-json\/wp\/v2\/users\/1"}],"replies":[{"embeddable":true,"href":"https:\/\/pruebas.marfdisegno.com\/index.php\/wp-json\/wp\/v2\/comments?post=4457"}],"version-history":[{"count":0,"href":"https:\/\/pruebas.marfdisegno.com\/index.php\/wp-json\/wp\/v2\/pages\/4457\/revisions"}],"wp:featuredmedia":[{"embeddable":true,"href":"https:\/\/pruebas.marfdisegno.com\/index.php\/wp-json\/wp\/v2\/media\/4462"}],"wp:attachment":[{"href":"https:\/\/pruebas.marfdisegno.com\/index.php\/wp-json\/wp\/v2\/media?parent=4457"}],"curies":[{"name":"wp","href":"https:\/\/api.w.org\/{rel}","templated":true}]}}