{"id":5197,"date":"2021-12-06T13:50:44","date_gmt":"2021-12-06T16:50:44","guid":{"rendered":"https:\/\/marfdisegno.com\/?page_id=5197"},"modified":"2021-12-06T13:50:44","modified_gmt":"2021-12-06T16:50:44","slug":"marf-fotografia","status":"publish","type":"page","link":"https:\/\/pruebas.marfdisegno.com\/index.php\/marcas\/marf-fotografia\/","title":{"rendered":"Marf Fotograf\u00eda"},"content":{"rendered":"<p><img decoding=\"async\" src=\"https:\/\/pruebas.marfdisegno.com\/wp-content\/uploads\/2021\/09\/MARF-FOTO-Logotipo-Negro-v21.09.2021.png\" title=\"MARF FOTO Logotipo Negro v21.09.2021\" alt=\"MARF FOTO Logotipo Negro v21.09.2021\" loading=\"lazy\" \/><\/p>\n<h2>\ud83d\udcf7\ud83d\udc99<\/h2>\n<p>MARF FOTOGRAF\u00cdA es una escisi\u00f3n de la marca y portafolio principales, dedicada 100% a la fotograf\u00eda y que recopila todo el material relacionado de las otras plataformas de Marf Disegno, as\u00ed como otros contenidos en exclusiva, adem\u00e1s de otras ideas y proyectos y que encuentran ac\u00e1 un lugar para desarrollarse.<br \/>\nLos contenidos son ofrecidos a trav\u00e9s del sitio\/portafolio \u00a0FOTOGRAFIA.MARFDISEGNO. COM y tambi\u00e9n en en pinterest, instagram, 500 px, flickr y facebook.<\/p>\n<p>Detalle: Fotograf\u00eda, edici\u00f3n fotogr\u00e1fica, impresi\u00f3n y enmarcado de fotograf\u00edas, dise\u00f1o gr\u00e1fico, gesti\u00f3n redes sociales.<\/p>\n<p>\t\t\t<a href=\"https:\/\/foto-marf.marfdisegno.com\/\" target=\"_blank\" rel=\"nofollow noopener\" role=\"button\"><br \/>\n\t\t\t\t\t\tTodos los Enlaces<br \/>\n\t\t\t\t\t<\/a><\/p>\n<h2>Destacados<\/h2>\n<p>\t\t\t\t\t<a href=\"https:\/\/fotografia.marfdisegno.com\/\" target=\"_blank\" rel=\"nofollow noopener\"><br \/>\n\t\t\t\t\t\tGlobe<br \/>\n\t\t\t\t\t\t\t\t\t\t\t<\/a><br \/>\n\t\t\t\t\t<a href=\"https:\/\/www.instagram.com\/marf_foto\/\" target=\"_blank\" rel=\"nofollow noopener\"><br \/>\n\t\t\t\t\t\tInstagram<br \/>\n\t\t\t\t\t\t\t\t\t\t\t<\/a><br \/>\n\t\t\t\t\t<a href=\"https:\/\/www.facebook.com\/Marf-Fotograf%C3%ADa-101012369015873\" target=\"_blank\" rel=\"nofollow noopener\"><br \/>\n\t\t\t\t\t\tFacebook<br \/>\n\t\t\t\t\t\t\t\t\t\t\t<\/a><br \/>\n\t\t\t\t\t<a href=\"https:\/\/www.pinterest.cl\/marfdisegno\/marf-fotograf%C3%ADa\/\" target=\"_blank\" rel=\"nofollow noopener\"><br \/>\n\t\t\t\t\t\tPinterest<br \/>\n\t\t\t\t\t\t\t\t\t\t\t<\/a><br \/>\n\t\t\t\t\t<a href=\"https:\/\/500px.com\/p\/marf_marf?view=photos\" target=\"_blank\" rel=\"nofollow noopener\"><br \/>\n\t\t\t\t\t\t500px<br \/>\n\t\t\t\t\t\t\t\t\t\t\t<\/a><br \/>\n\t\t\t\t\t<a href=\"https:\/\/www.flickr.com\/photos\/marf-marf\/\" target=\"_blank\" rel=\"nofollow noopener\"><br \/>\n\t\t\t\t\t\tFlickr<br \/>\n\t\t\t\t\t\t\t\t\t\t\t<\/a><\/p>\n","protected":false},"excerpt":{"rendered":"<p>\ud83d\udcf7\ud83d\udc99 MARF FOTOGRAF\u00cdA es una escisi\u00f3n de la marca y portafolio principales, dedicada 100% a la fotograf\u00eda y que recopila todo el material relacionado de las otras plataformas de Marf Disegno, as\u00ed como otros contenidos en exclusiva, adem\u00e1s de otras ideas y proyectos y que encuentran ac\u00e1 un lugar para desarrollarse. Los contenidos son ofrecidos [&hellip;]<\/p>\n","protected":false},"author":1,"featured_media":5092,"parent":653,"menu_order":0,"comment_status":"closed","ping_status":"closed","template":"elementor_header_footer","meta":{"footnotes":""},"class_list":["post-5197","page","type-page","status-publish","has-post-thumbnail","hentry"],"_links":{"self":[{"href":"https:\/\/pruebas.marfdisegno.com\/index.php\/wp-json\/wp\/v2\/pages\/5197","targetHints":{"allow":["GET"]}}],"collection":[{"href":"https:\/\/pruebas.marfdisegno.com\/index.php\/wp-json\/wp\/v2\/pages"}],"about":[{"href":"https:\/\/pruebas.marfdisegno.com\/index.php\/wp-json\/wp\/v2\/types\/page"}],"author":[{"embeddable":true,"href":"https:\/\/pruebas.marfdisegno.com\/index.php\/wp-json\/wp\/v2\/users\/1"}],"replies":[{"embeddable":true,"href":"https:\/\/pruebas.marfdisegno.com\/index.php\/wp-json\/wp\/v2\/comments?post=5197"}],"version-history":[{"count":0,"href":"https:\/\/pruebas.marfdisegno.com\/index.php\/wp-json\/wp\/v2\/pages\/5197\/revisions"}],"up":[{"embeddable":true,"href":"https:\/\/pruebas.marfdisegno.com\/index.php\/wp-json\/wp\/v2\/pages\/653"}],"wp:featuredmedia":[{"embeddable":true,"href":"https:\/\/pruebas.marfdisegno.com\/index.php\/wp-json\/wp\/v2\/media\/5092"}],"wp:attachment":[{"href":"https:\/\/pruebas.marfdisegno.com\/index.php\/wp-json\/wp\/v2\/media?parent=5197"}],"curies":[{"name":"wp","href":"https:\/\/api.w.org\/{rel}","templated":true}]}}