{"id":5456,"date":"2022-01-03T12:17:57","date_gmt":"2022-01-03T15:17:57","guid":{"rendered":"https:\/\/marfdisegno.com\/?page_id=5456"},"modified":"2022-01-03T12:17:57","modified_gmt":"2022-01-03T15:17:57","slug":"portafolium_pt","status":"publish","type":"page","link":"https:\/\/pruebas.marfdisegno.com\/index.php\/portafolium_pt\/","title":{"rendered":"Portafolium"},"content":{"rendered":"<h6>Categorias<\/h6>\n<p>\t\t\t\t\t\t<a href=\"https:\/\/marfdisegno.com\/portafolium\/fotografia\/\"><br \/>\n\t\t\t\t\t\t\t\t\t\t\t\t\t\t\t\t\t\t\tFotografia<br \/>\n\t\t\t<\/a><br \/>\n\t\t\t\t\t\t<a href=\"https:\/\/marfdisegno.com\/portafolium\/restauracion-colorizacion-digital\/\"><br \/>\n\t\t\t\t\t\t\t\t\t\t\t\t\t\t\t\t\t\t\tRestaura\u00e7\u00e3o e <br \/> colora\u00e7\u00e3o digital<br \/>\n\t\t\t<\/a><br \/>\n\t\t\t\t\t\t<a href=\"https:\/\/marfdisegno.com\/portafolium\/paginas-sitios-web\/\"><br \/>\n\t\t\t\t\t\t\t\t\t\t\t\t\t\t\t\t\t\t\t P\u00e1ginas e Sites da Web<br \/>\n\t\t\t<\/a><br \/>\n\t\t\t\t\t\t<a href=\"https:\/\/marfdisegno.com\/portafolium\/fotomontajes-y-edicion-fotografica\/\"><br \/>\n\t\t\t\t\t\t\t\t\t\t\t\t\t\t\t\t\t\t\t Fotomontagem &#038; <br \/>Edi\u00e7\u00e3o de Fotos<br \/>\n\t\t\t<\/a><br \/>\n\t\t\t\t\t\t<a href=\"https:\/\/marfdisegno.com\/portafolium\/identidad-grafica\/\"><br \/>\n\t\t\t\t\t\t\t\t\t\t\t\t\t\t\t\t\t\t\t Identidade Gr\u00e1fica<br \/>\n\t\t\t<\/a><\/p>\n","protected":false},"excerpt":{"rendered":"<p>Categorias Fotografia Restaura\u00e7\u00e3o e colora\u00e7\u00e3o digital P\u00e1ginas e Sites da Web Fotomontagem &#038; Edi\u00e7\u00e3o de Fotos Identidade Gr\u00e1fica<\/p>\n","protected":false},"author":1,"featured_media":4200,"parent":0,"menu_order":0,"comment_status":"closed","ping_status":"closed","template":"elementor_canvas","meta":{"footnotes":""},"class_list":["post-5456","page","type-page","status-publish","has-post-thumbnail","hentry"],"_links":{"self":[{"href":"https:\/\/pruebas.marfdisegno.com\/index.php\/wp-json\/wp\/v2\/pages\/5456","targetHints":{"allow":["GET"]}}],"collection":[{"href":"https:\/\/pruebas.marfdisegno.com\/index.php\/wp-json\/wp\/v2\/pages"}],"about":[{"href":"https:\/\/pruebas.marfdisegno.com\/index.php\/wp-json\/wp\/v2\/types\/page"}],"author":[{"embeddable":true,"href":"https:\/\/pruebas.marfdisegno.com\/index.php\/wp-json\/wp\/v2\/users\/1"}],"replies":[{"embeddable":true,"href":"https:\/\/pruebas.marfdisegno.com\/index.php\/wp-json\/wp\/v2\/comments?post=5456"}],"version-history":[{"count":0,"href":"https:\/\/pruebas.marfdisegno.com\/index.php\/wp-json\/wp\/v2\/pages\/5456\/revisions"}],"wp:featuredmedia":[{"embeddable":true,"href":"https:\/\/pruebas.marfdisegno.com\/index.php\/wp-json\/wp\/v2\/media\/4200"}],"wp:attachment":[{"href":"https:\/\/pruebas.marfdisegno.com\/index.php\/wp-json\/wp\/v2\/media?parent=5456"}],"curies":[{"name":"wp","href":"https:\/\/api.w.org\/{rel}","templated":true}]}}