{"id":6838,"date":"2022-02-23T21:43:15","date_gmt":"2022-02-24T00:43:15","guid":{"rendered":"https:\/\/marfdisegno.com\/?page_id=6838"},"modified":"2022-02-23T21:43:15","modified_gmt":"2022-02-24T00:43:15","slug":"sobre","status":"publish","type":"page","link":"https:\/\/pruebas.marfdisegno.com\/index.php\/sobre\/","title":{"rendered":"Sobre"},"content":{"rendered":"<p><a href=\"https:\/\/marfdisegno.com\/pt\/\"><br \/>\n\t\t\t\t\t\t\t<img decoding=\"async\" width=\"300\" height=\"100\" src=\"https:\/\/pruebas.marfdisegno.com\/wp-content\/uploads\/2021\/08\/MARF-Logotipo-Albus-v25.08.2020.50.png\" alt=\"\" loading=\"lazy\" \/>\t\t\t\t\t\t\t\t<\/a><br \/>\n\t\t\t\t\t\t\t\t\t\t\t\t\t\t\t<img decoding=\"async\" src=\"https:\/\/marfdisegno.com\/wp-content\/uploads\/2023\/02\/MARF-Logotipo-Albus-SVG_Mesa-de-trabajo-1-copia-11.svg\" title=\"Marf Disegno\" alt=\"Marf Disegno\" loading=\"lazy\" \/><\/p>\n<h2>Sobre  Marf Disegno <\/h2>\n<p>MARF DISEGNO (Desenho) \u00e9 um projeto que representa meu portf\u00f3lio e ao mesmo tempo agrupa todos os meus trabalhos relacionados ao Desenho, fotografia, edi\u00e7\u00e3o, pesquisa, outros. Estes, por sua vez, s\u00e3o distribu\u00eddos atrav\u00e9s de diferentes plataformas ou marcas tem\u00e1ticas, incluindo INZZPIRA, NOCTURX, ARS FOCUS, cada uma com foco em uma \u00e1rea ou categoria diferente. <br \/>\nOs conte\u00fados s\u00e3o oferecidos atrav\u00e9s de diferentes plataformas; sites pr\u00f3prios, redes sociais: instagram, facebook, pinterest, youtube, ello e outras plataformas, tais como behance, blogger, flickr, 500px. <br \/>\nDetalhe: Desenho gr\u00e1fico, gerenciamento de redes sociais, cria\u00e7\u00e3o de: cartazes, gr\u00e1ficos, edi\u00e7\u00f5es, p\u00e1ginas e sites da web, fotografia, edi\u00e7\u00e3o de fotos.\n<\/p>\n<h4>Sobre mim<\/h4>\n<p>Meu nome \u00e9 Mauricio Andr\u00e9s Rojas Fuentes, mais comumente<br \/>\nabreviado como MARF e da\u00ed surge o nome dado a esta marca\/portf\u00f3lio,<br \/>\nonde agrupo todos os meus trabalhos de desenho, fotografia, web e outros. <\/p>\n<p>Sou desenhista gr\u00e1fico de profiss\u00e3o, Sou da regi\u00e3o de Maule, no Chile, mais especificamente de San Javier. <br \/>\nA aten\u00e7\u00e3o do meu trabalho sempre se concentrou em aspectos como natureza, hist\u00f3ria e objetos e lugares do cotidiano. Uma boa parte do que fiz foi retratar minha \u00e1rea, ou seja, a<br \/>\n\u00e1rea, ou seja, a regi\u00e3o de Maule. <br \/>\nPelo menos desde 2007, iniciei e criei meu primeiro projeto em torno do desenho, especificamente uma revista, tudo muito artesanal e feito \u00e0 m\u00e3o. <br \/>\nFoi somente em 2009 que dei meus primeiros passos no mundo digital.<br \/>\nPara 2011, j\u00e1 estou criando minhas primeiras p\u00e1ginas da Web e editando c\u00f3digos. <\/p>\n<p>A cada ano que passava, eu me envolvia mais e mais em atividades cada vez mais s\u00e9rias.\n<\/p>\n<p>\t\t\t\t\t\t\t\t\t\t\t\t\t\t\t<img decoding=\"async\" width=\"819\" height=\"820\" src=\"https:\/\/pruebas.marfdisegno.com\/wp-content\/uploads\/2023\/04\/ego_io_yo_eu.png\" alt=\"\" loading=\"lazy\" srcset=\"https:\/\/pruebas.marfdisegno.com\/wp-content\/uploads\/2023\/04\/ego_io_yo_eu.png 819w, https:\/\/pruebas.marfdisegno.com\/wp-content\/uploads\/2023\/04\/ego_io_yo_eu-300x300.png 300w, https:\/\/pruebas.marfdisegno.com\/wp-content\/uploads\/2023\/04\/ego_io_yo_eu-150x150.png 150w, https:\/\/pruebas.marfdisegno.com\/wp-content\/uploads\/2023\/04\/ego_io_yo_eu-768x769.png 768w\" sizes=\"auto, (max-width: 819px) 100vw, 819px\" \/><br \/>\n\t\t\t\t\t\t\t\t\t\t\t\t\t\t\t<img decoding=\"async\" width=\"1128\" height=\"464\" src=\"https:\/\/pruebas.marfdisegno.com\/wp-content\/uploads\/2023\/04\/Marf_disegno_logo_diseno_holografico-2.png\" alt=\"\" loading=\"lazy\" srcset=\"https:\/\/pruebas.marfdisegno.com\/wp-content\/uploads\/2023\/04\/Marf_disegno_logo_diseno_holografico-2.png 1128w, https:\/\/pruebas.marfdisegno.com\/wp-content\/uploads\/2023\/04\/Marf_disegno_logo_diseno_holografico-2-300x123.png 300w, https:\/\/pruebas.marfdisegno.com\/wp-content\/uploads\/2023\/04\/Marf_disegno_logo_diseno_holografico-2-1024x421.png 1024w, https:\/\/pruebas.marfdisegno.com\/wp-content\/uploads\/2023\/04\/Marf_disegno_logo_diseno_holografico-2-768x316.png 768w\" sizes=\"auto, (max-width: 1128px) 100vw, 1128px\" \/><\/p>\n<h4>A \u00faltima d\u00e9cada <\/h4>\n<p>Foi entre 2014 e 2017, antes de eu entrar na universidade, que meus projetos foram consolidados e e as sementes de projetos como o  <a href=\"https:\/\/www.nocturx.com\/\" target=\"_blank\" rel=\"noopener noreferrer\"><br \/>\n       Nocturx\u2122,<\/a> outros se desenvolveriam mais tarde, como <a href=\"https:\/\/www.inzzpira.com\/\" target=\"_blank\" rel=\"noopener noreferrer\"><br \/>\n       Inzzpira\u2122,<\/a> e uma infinidade de outros nomes e projetos que sofreram muta\u00e7\u00f5es, se misturaram e se fundiram com outros; Pacifico, Urvan Capital, Gumps, Planeta, etc.<\/p>\n<p>No in\u00edcio do ano 2020, com um interesse crescente em fotografia, adquiri minha primeira c\u00e2mera e criei <a href=\"https:\/\/www.arsfocus.com\/\" target=\"_blank\" rel=\"noopener noreferrer\"><br \/>\n      Ars Focus\u2122,<\/a> juntamente com meu interesse pela hist\u00f3ria. <br \/>\nEm meio \u00e0 pandemia e buscando unificar todos os meus trabalhos e projetos sob a mesma estrutura, criei o Marf Disegno, que, a princ\u00edpio, n\u00e3o tinha nome, pois n\u00e3o conseguia pensar em nada, at\u00e9 que decidi cham\u00e1-lo pelo meu acr\u00f4nimo.\n    <\/p>\n<h4>Atualmente<\/h4>\n<p>Hoje, meu trabalho continua a evoluir, assim como eu e a busca sempre presente por novos caminhos. <br \/> O forte impulso foi tomado <a href=\"https:\/\/www.fotografia.marfdisegno.com.com\/\" target=\"_blank\" rel=\"noopener noreferrer\"><br \/>\n      Marf Fotograf\u00eda\u2122,<\/a> que resultou de um desmembramento de minha marca principal, dedicada exclusivamente \u00e0 fotografia.\n<\/p>\n<p>\t\t\t\t\t\t\t\t\t\t\t\t\t\t\t<img decoding=\"async\" width=\"1925\" height=\"589\" src=\"https:\/\/pruebas.marfdisegno.com\/wp-content\/uploads\/2023\/04\/2025.png\" alt=\"\" loading=\"lazy\" srcset=\"https:\/\/pruebas.marfdisegno.com\/wp-content\/uploads\/2023\/04\/2025.png 1925w, https:\/\/pruebas.marfdisegno.com\/wp-content\/uploads\/2023\/04\/2025-300x92.png 300w, https:\/\/pruebas.marfdisegno.com\/wp-content\/uploads\/2023\/04\/2025-1024x313.png 1024w, https:\/\/pruebas.marfdisegno.com\/wp-content\/uploads\/2023\/04\/2025-768x235.png 768w, https:\/\/pruebas.marfdisegno.com\/wp-content\/uploads\/2023\/04\/2025-1536x470.png 1536w, https:\/\/pruebas.marfdisegno.com\/wp-content\/uploads\/2023\/04\/2025-1200x367.png 1200w\" sizes=\"auto, (max-width: 1925px) 100vw, 1925px\" \/><br \/>\n\t\t\t\t\t\t\t\t\t\t\t\t\t\t\t<img decoding=\"async\" width=\"893\" height=\"1200\" src=\"https:\/\/pruebas.marfdisegno.com\/wp-content\/uploads\/2022\/08\/MD-Presentacion-Marca-Web-02.08.2020.1.png\" alt=\"\" loading=\"lazy\" srcset=\"https:\/\/pruebas.marfdisegno.com\/wp-content\/uploads\/2022\/08\/MD-Presentacion-Marca-Web-02.08.2020.1.png 893w, https:\/\/pruebas.marfdisegno.com\/wp-content\/uploads\/2022\/08\/MD-Presentacion-Marca-Web-02.08.2020.1-223x300.png 223w, https:\/\/pruebas.marfdisegno.com\/wp-content\/uploads\/2022\/08\/MD-Presentacion-Marca-Web-02.08.2020.1-762x1024.png 762w, https:\/\/pruebas.marfdisegno.com\/wp-content\/uploads\/2022\/08\/MD-Presentacion-Marca-Web-02.08.2020.1-768x1032.png 768w\" sizes=\"auto, (max-width: 893px) 100vw, 893px\" \/><\/p>\n<h4>O logotipo<\/h4>\n<p>\n<br \/>\nPara a cria\u00e7\u00e3o do logotipo, o foco principal era tornar a marca o mais funcional e reconhec\u00edvel poss\u00edvel, em diferentes tamanhos, em diferentes formatos e diferentes superf\u00edcies.<br \/>\nAl\u00e9m disso, refor\u00e7ado com o uso de nosso tom espec\u00edfico de <b><font COLOR=\"#0D55C9\"> AZUL<\/font><\/b>.<\/p>\n<h2>Marcas e s\u00e9ries<\/h2>\n<p>\t\t\t\t\t<a href=\"https:\/\/marfdisegno.blogspot.com\/\" target=\"_blank\" rel=\"nofollow noopener\"><br \/>\n\t\t\t\t\t\tConte\u00fados e imagens apresentadas em detalhes e em formato maior<br \/>\n\t\t\t\t\t\tVer<br \/>\n\t\t\t\t\t\t<\/a><br \/>\n\t\t\t\t\t<a href=\"https:\/\/www.marfdisegno.com\" target=\"_blank\" rel=\"nofollow noopener\"><br \/>\n\t\t\t\t\t\tTodo nosso conte\u00fado em um s\u00f3 lugar<br \/>\n\t\t\t\t\t\tVer<br \/>\n\t\t\t\t\t\t<\/a><br \/>\n\t\t\t\t\t<a href=\"https:\/\/fotografia.marfdisegno.com\/\" target=\"_blank\" rel=\"nofollow noopener\"><br \/>\n\t\t\t\t\t\tEsta divis\u00e3o \u00e9 100% dedicada \u00e0 fotografia e recolhe todo o material relacionado das outras plataformas Marf Disegno<br \/>\n\t\t\t\t\t\tVer<br \/>\n\t\t\t\t\t\t<\/a><br \/>\n\t\t\t\t\t\tSe\u00e7\u00e3o encarregada do desenvolvimento e teste de novos servi\u00e7os, produtos, perfis,<br \/>\nplataformas e outros<\/p>\n<h4>Para mais informa\u00e7\u00f5es<\/h4>\n<p>\t\t\t<a href=\"https:\/\/marfdisegno.com\/politica-de-privacidad\/\" role=\"button\"><br \/>\n\t\t\t\t\t\tPol\u00edtica de Privacidade (ES)<br \/>\n\t\t\t\t\t<\/a><br \/>\n\t\t\t<a href=\"https:\/\/marfdisegno.com\/terminos-y-condiciones\/\" role=\"button\"><br \/>\n\t\t\t\t\t\tTermos e Condi\u00e7\u00f5es (ES\u200b\u200b\u200b\u200b\u200b)<br \/>\n\t\t\t\t\t<\/a><br \/>\n\t\t\t<a href=\"https:\/\/marfdisegno.com\/contacto\/\" role=\"button\"><br \/>\n\t\t\t\t\t\tContato<br \/>\n\t\t\t\t\t<\/a><\/p>\n","protected":false},"excerpt":{"rendered":"<p>Sobre Marf Disegno MARF DISEGNO (Desenho) \u00e9 um projeto que representa meu portf\u00f3lio e ao mesmo tempo agrupa todos os meus trabalhos relacionados ao Desenho, fotografia, edi\u00e7\u00e3o, pesquisa, outros. Estes, por sua vez, s\u00e3o distribu\u00eddos atrav\u00e9s de diferentes plataformas ou marcas tem\u00e1ticas, incluindo INZZPIRA, NOCTURX, ARS FOCUS, cada uma com foco em uma \u00e1rea ou [&hellip;]<\/p>\n","protected":false},"author":1,"featured_media":4490,"parent":0,"menu_order":0,"comment_status":"closed","ping_status":"closed","template":"elementor_canvas","meta":{"footnotes":""},"class_list":["post-6838","page","type-page","status-publish","has-post-thumbnail","hentry"],"_links":{"self":[{"href":"https:\/\/pruebas.marfdisegno.com\/index.php\/wp-json\/wp\/v2\/pages\/6838","targetHints":{"allow":["GET"]}}],"collection":[{"href":"https:\/\/pruebas.marfdisegno.com\/index.php\/wp-json\/wp\/v2\/pages"}],"about":[{"href":"https:\/\/pruebas.marfdisegno.com\/index.php\/wp-json\/wp\/v2\/types\/page"}],"author":[{"embeddable":true,"href":"https:\/\/pruebas.marfdisegno.com\/index.php\/wp-json\/wp\/v2\/users\/1"}],"replies":[{"embeddable":true,"href":"https:\/\/pruebas.marfdisegno.com\/index.php\/wp-json\/wp\/v2\/comments?post=6838"}],"version-history":[{"count":0,"href":"https:\/\/pruebas.marfdisegno.com\/index.php\/wp-json\/wp\/v2\/pages\/6838\/revisions"}],"wp:featuredmedia":[{"embeddable":true,"href":"https:\/\/pruebas.marfdisegno.com\/index.php\/wp-json\/wp\/v2\/media\/4490"}],"wp:attachment":[{"href":"https:\/\/pruebas.marfdisegno.com\/index.php\/wp-json\/wp\/v2\/media?parent=6838"}],"curies":[{"name":"wp","href":"https:\/\/api.w.org\/{rel}","templated":true}]}}