{"id":7164,"date":"2022-03-01T18:01:06","date_gmt":"2022-03-01T21:01:06","guid":{"rendered":"https:\/\/marfdisegno.com\/?page_id=7164"},"modified":"2022-03-01T18:01:06","modified_gmt":"2022-03-01T21:01:06","slug":"portafolium_fr","status":"publish","type":"page","link":"https:\/\/pruebas.marfdisegno.com\/index.php\/portafolium_fr\/","title":{"rendered":"Portafolium"},"content":{"rendered":"<p><a href=\"https:\/\/marfdisegno.com\/portafolium\/fotografia\/\"><br \/>\n\t\t\t\t\t\t\t\t\t\t\t\t\t\t\t\t\t\t\tPhotographie<br \/>\n\t\t\t<\/a><br \/>\n\t\t\t\t\t\t<a href=\"https:\/\/marfdisegno.com\/portafolium\/restauracion-colorizacion-digital\/\"><br \/>\n\t\t\t\t\t\t\t\t\t\t\t\t\t\t\t\t\t\t\tRestauration et <br \/> Colorisation Num\u00e9riques<br \/>\n\t\t\t<\/a><br \/>\n\t\t\t\t\t\t<a href=\"https:\/\/marfdisegno.com\/portafolium\/paginas-sitios-web\/\"><br \/>\n\t\t\t\t\t\t\t\t\t\t\t\t\t\t\t\t\t\t\tPages et Sites Web<br \/>\n\t\t\t<\/a><br \/>\n\t\t\t\t\t\t<a href=\"https:\/\/marfdisegno.com\/portafolium\/fotomontajes-edicion-fotografica\/\"><br \/>\n\t\t\t\t\t\t\t\t\t\t\t\t\t\t\t\t\t\t\tPhotomontage et \u00c9dition <br \/>de Photos<br \/>\n\t\t\t<\/a><br \/>\n\t\t\t\t\t\t<a href=\"https:\/\/marfdisegno.com\/portafolium\/identidad-grafica\/\"><br \/>\n\t\t\t\t\t\t\t\t\t\t\t\t\t\t\t\t\t\t\tIdentit\u00e9 Graphique<br \/>\n\t\t\t<\/a><\/p>\n","protected":false},"excerpt":{"rendered":"<p>Photographie Restauration et Colorisation Num\u00e9riques Pages et Sites Web Photomontage et \u00c9dition de Photos Identit\u00e9 Graphique<\/p>\n","protected":false},"author":1,"featured_media":4200,"parent":0,"menu_order":0,"comment_status":"closed","ping_status":"closed","template":"elementor_header_footer","meta":{"footnotes":""},"class_list":["post-7164","page","type-page","status-publish","has-post-thumbnail","hentry"],"_links":{"self":[{"href":"https:\/\/pruebas.marfdisegno.com\/index.php\/wp-json\/wp\/v2\/pages\/7164","targetHints":{"allow":["GET"]}}],"collection":[{"href":"https:\/\/pruebas.marfdisegno.com\/index.php\/wp-json\/wp\/v2\/pages"}],"about":[{"href":"https:\/\/pruebas.marfdisegno.com\/index.php\/wp-json\/wp\/v2\/types\/page"}],"author":[{"embeddable":true,"href":"https:\/\/pruebas.marfdisegno.com\/index.php\/wp-json\/wp\/v2\/users\/1"}],"replies":[{"embeddable":true,"href":"https:\/\/pruebas.marfdisegno.com\/index.php\/wp-json\/wp\/v2\/comments?post=7164"}],"version-history":[{"count":0,"href":"https:\/\/pruebas.marfdisegno.com\/index.php\/wp-json\/wp\/v2\/pages\/7164\/revisions"}],"wp:featuredmedia":[{"embeddable":true,"href":"https:\/\/pruebas.marfdisegno.com\/index.php\/wp-json\/wp\/v2\/media\/4200"}],"wp:attachment":[{"href":"https:\/\/pruebas.marfdisegno.com\/index.php\/wp-json\/wp\/v2\/media?parent=7164"}],"curies":[{"name":"wp","href":"https:\/\/api.w.org\/{rel}","templated":true}]}}