{"id":835,"date":"2020-08-09T22:13:43","date_gmt":"2020-08-10T02:13:43","guid":{"rendered":"https:\/\/marfdisegno.wordpress.com\/?page_id=835"},"modified":"2020-08-09T22:13:43","modified_gmt":"2020-08-10T02:13:43","slug":"nocturx","status":"publish","type":"page","link":"https:\/\/pruebas.marfdisegno.com\/index.php\/marcas\/nocturx\/","title":{"rendered":"Nocturx"},"content":{"rendered":"<p><img decoding=\"async\" width=\"4664\" height=\"4487\" src=\"https:\/\/pruebas.marfdisegno.com\/wp-content\/uploads\/2021\/09\/NX-IMAGOTIPO-v03.08.2020-Act.25.09.2020.png\" alt=\"\" loading=\"lazy\" srcset=\"https:\/\/pruebas.marfdisegno.com\/wp-content\/uploads\/2021\/09\/NX-IMAGOTIPO-v03.08.2020-Act.25.09.2020.png 4664w, https:\/\/pruebas.marfdisegno.com\/wp-content\/uploads\/2021\/09\/NX-IMAGOTIPO-v03.08.2020-Act.25.09.2020-300x289.png 300w, https:\/\/pruebas.marfdisegno.com\/wp-content\/uploads\/2021\/09\/NX-IMAGOTIPO-v03.08.2020-Act.25.09.2020-1024x985.png 1024w, https:\/\/pruebas.marfdisegno.com\/wp-content\/uploads\/2021\/09\/NX-IMAGOTIPO-v03.08.2020-Act.25.09.2020-768x739.png 768w, https:\/\/pruebas.marfdisegno.com\/wp-content\/uploads\/2021\/09\/NX-IMAGOTIPO-v03.08.2020-Act.25.09.2020-1536x1478.png 1536w, https:\/\/pruebas.marfdisegno.com\/wp-content\/uploads\/2021\/09\/NX-IMAGOTIPO-v03.08.2020-Act.25.09.2020-2048x1970.png 2048w, https:\/\/pruebas.marfdisegno.com\/wp-content\/uploads\/2021\/09\/NX-IMAGOTIPO-v03.08.2020-Act.25.09.2020-1200x1154.png 1200w, https:\/\/pruebas.marfdisegno.com\/wp-content\/uploads\/2021\/09\/NX-IMAGOTIPO-v03.08.2020-Act.25.09.2020-1980x1905.png 1980w\" sizes=\"auto, (max-width: 4664px) 100vw, 4664px\" \/><\/p>\n<h2>Noches M\u00e1gicas<br \/>\n<\/h2>\n<h2>\ud83d\udc3a\u2764\ufe0f\ud83c\udf15<\/h2>\n<h4>Bajo el Ne\u00f3n,<br \/>\nla Luna y las Estrellas<\/h4>\n<p>NOCTURX\u00a0es una plataforma tem\u00e1tica sobre la Noche; Fotograf\u00eda, ambientes, lugares, objetos, \u00e9pocas, efectos, luces y colores. Se centra en productos y contenidos digitales, mezclando el dise\u00f1o, la fotograf\u00eda y lo audiovisual para envolver al espectador en la magia, el glamour, el misticismo y el romance de la noche.<\/p>\n<p>Los contenidos son ofrecidos a trav\u00e9s del sitio NOCTURX (Soportado en tumblr), NOCTURX BLOG en blogger, NOCTURX S\u00c9DUCTION en pinterest y tambi\u00e9n en instagram, \u00a0facebook, behance, ello y tiktok.<\/p>\n<p>Detalle: Dise\u00f1o gr\u00e1fico, gesti\u00f3n redes sociales, creaci\u00f3n de: afiches, graficas, ediciones, p\u00e1ginas y sitios web, fotograf\u00eda, edici\u00f3n fotogr\u00e1fica, art\u00edculos decorativos e impresos.<\/p>\n<p>\t\t\t<a href=\"https:\/\/nocturx.marfdisegno.com\/\" target=\"_blank\" rel=\"nofollow noopener\" role=\"button\"><br \/>\n\t\t\t\t\t\tTodos los Enlaces<br \/>\n\t\t\t\t\t<\/a><\/p>\n<h2>Destacados<\/h2>\n<h2>Marcas<br \/>\n&#038; Series<\/h2>\n<p>\t\t\t\t\t<a href=\"https:\/\/nocturx.blogspot.com\/\" target=\"_blank\" rel=\"nofollow noopener\"><br \/>\n\t\t\t\t\t\tContenidos e im\u00e1genes exclusivos, presentados en detalle y en formato m\u00e1s amplio<br \/>\n\t\t\t\t\t\tVer<br \/>\n\t\t\t\t\t\t<\/a><br \/>\n\t\t\t\t\t<a href=\"https:\/\/www.pinterest.es\/marfdisegno\/nocturx-s%C3%A9duction\/nx-resplads-monumentos-de-noche\/\" target=\"_blank\" rel=\"nofollow noopener\"><br \/>\n\t\t\t\t\t\tSerie:  Colecci\u00f3n de im\u00e1genes, capturas<br \/>\ny escenas de elementos arquitect\u00f3nicos, edificios y monumentos bellamente<br \/>\niluminados<br \/>\n\t\t\t\t\t\tVer<br \/>\n\t\t\t\t\t\t<\/a><br \/>\n\t\t\t\t\t<a href=\"https:\/\/www.pinterest.es\/marfdisegno\/nocturx-s%C3%A9duction\/\" target=\"_blank\" rel=\"nofollow noopener\"><br \/>\n\t\t\t\t\t\tUna selecci\u00f3n de bellas im\u00e1genes, postales y perspectivas de noches m\u00e1gicas<br \/>\n\t\t\t\t\t\tVer<br \/>\n\t\t\t\t\t\t<\/a><br \/>\n\t\t\t\t\t<a href=\"https:\/\/nocturx.com\/neonnuit\" target=\"_blank\" rel=\"nofollow noopener\"><br \/>\n\t\t\t\t\t\tSerie:  Fotos y escenas antiguas glamorosas, con letreros de ne\u00f3n, luces y vida, originales y en blanco y negro coloreadas<br \/>\n\t\t\t\t\t\tVer<br \/>\n\t\t\t\t\t\t<\/a><br \/>\n\t\t\t\t\t<a href=\"https:\/\/nocturx.com\/\" target=\"_blank\" rel=\"nofollow noopener\"><br \/>\n\t\t\t\t\t\tGlobe<br \/>\n\t\t\t\t\t\t\t\t\t\t\t<\/a><br \/>\n\t\t\t\t\t<a href=\"https:\/\/www.instagram.com\/nocturx.nx\/\" target=\"_blank\" rel=\"nofollow noopener\"><br \/>\n\t\t\t\t\t\tInstagram<br \/>\n\t\t\t\t\t\t\t\t\t\t\t<\/a><br \/>\n\t\t\t\t\t<a href=\"https:\/\/www.facebook.com\/Nocturx\/\" target=\"_blank\" rel=\"nofollow noopener\"><br \/>\n\t\t\t\t\t\tFacebook<br \/>\n\t\t\t\t\t\t\t\t\t\t\t<\/a><br \/>\n\t\t\t\t\t<a href=\"https:\/\/www.pinterest.es\/marfdisegno\/nocturx-s%C3%A9duction\/\" target=\"_blank\" rel=\"nofollow noopener\"><br \/>\n\t\t\t\t\t\tPinterest<br \/>\n\t\t\t\t\t\t\t\t\t\t\t<\/a><br \/>\n\t\t\t\t\t<a href=\"https:\/\/nocturx.blogspot.com\/\" target=\"_blank\" rel=\"nofollow noopener\"><br \/>\n\t\t\t\t\t\tBlogger<br \/>\n\t\t\t\t\t\t\t\t\t\t\t<\/a><br \/>\n\t\t\t\t\t<a href=\"https:\/\/ello.co\/nocturx\" target=\"_blank\" rel=\"nofollow noopener\"><br \/>\n\t\t\t\t\t\tEllo<br \/>\n\t\t\t\t\t\t\t\t\t\t\t<\/a><br \/>\n\t\t\t\t\t<a href=\"https:\/\/www.tiktok.com\/@nocturx.nx\" target=\"_blank\" rel=\"nofollow noopener\"><br \/>\n\t\t\t\t\t\tTiktok<br \/>\n\t\t\t\t\t\t\t\t\t\t\t<\/a><br \/>\n\t\t\t\t\t<a href=\"https:\/\/www.behance.net\/Nocturx\" target=\"_blank\" rel=\"nofollow noopener\"><br \/>\n\t\t\t\t\t\tBehance<br \/>\n\t\t\t\t\t\t\t\t\t\t\t<\/a><\/p>\n","protected":false},"excerpt":{"rendered":"<p>Noches M\u00e1gicas \ud83d\udc3a\u2764\ufe0f\ud83c\udf15 Bajo el Ne\u00f3n, la Luna y las Estrellas NOCTURX\u00a0es una plataforma tem\u00e1tica sobre la Noche; Fotograf\u00eda, ambientes, lugares, objetos, \u00e9pocas, efectos, luces y colores. Se centra en productos y contenidos digitales, mezclando el dise\u00f1o, la fotograf\u00eda y lo audiovisual para envolver al espectador en la magia, el glamour, el misticismo y el [&hellip;]<\/p>\n","protected":false},"author":1,"featured_media":2885,"parent":653,"menu_order":0,"comment_status":"closed","ping_status":"closed","template":"elementor_header_footer","meta":{"footnotes":""},"class_list":["post-835","page","type-page","status-publish","has-post-thumbnail","hentry"],"_links":{"self":[{"href":"https:\/\/pruebas.marfdisegno.com\/index.php\/wp-json\/wp\/v2\/pages\/835","targetHints":{"allow":["GET"]}}],"collection":[{"href":"https:\/\/pruebas.marfdisegno.com\/index.php\/wp-json\/wp\/v2\/pages"}],"about":[{"href":"https:\/\/pruebas.marfdisegno.com\/index.php\/wp-json\/wp\/v2\/types\/page"}],"author":[{"embeddable":true,"href":"https:\/\/pruebas.marfdisegno.com\/index.php\/wp-json\/wp\/v2\/users\/1"}],"replies":[{"embeddable":true,"href":"https:\/\/pruebas.marfdisegno.com\/index.php\/wp-json\/wp\/v2\/comments?post=835"}],"version-history":[{"count":0,"href":"https:\/\/pruebas.marfdisegno.com\/index.php\/wp-json\/wp\/v2\/pages\/835\/revisions"}],"up":[{"embeddable":true,"href":"https:\/\/pruebas.marfdisegno.com\/index.php\/wp-json\/wp\/v2\/pages\/653"}],"wp:featuredmedia":[{"embeddable":true,"href":"https:\/\/pruebas.marfdisegno.com\/index.php\/wp-json\/wp\/v2\/media\/2885"}],"wp:attachment":[{"href":"https:\/\/pruebas.marfdisegno.com\/index.php\/wp-json\/wp\/v2\/media?parent=835"}],"curies":[{"name":"wp","href":"https:\/\/api.w.org\/{rel}","templated":true}]}}