{"id":876,"date":"2020-08-14T15:06:48","date_gmt":"2020-08-14T19:06:48","guid":{"rendered":"https:\/\/marfdisegno.wordpress.com\/?page_id=876"},"modified":"2020-08-14T15:06:48","modified_gmt":"2020-08-14T19:06:48","slug":"ars-focus","status":"publish","type":"page","link":"https:\/\/pruebas.marfdisegno.com\/index.php\/marcas\/ars-focus\/","title":{"rendered":"Ars Focus"},"content":{"rendered":"<p><img decoding=\"async\" src=\"https:\/\/marfdisegno.com\/wp-content\/uploads\/elementor\/thumbs\/AF-ISOLOGO-COLOR-v18.03.2020-pcj35e6fd2joaue8omuiei0l6cwlge5pea87lr13ca.png\" title=\"AF ISOLOGO COLOR v18.03.2020\" alt=\"AF ISOLOGO COLOR v18.03.2020\" loading=\"lazy\" \/><\/p>\n<h2>\u00abPreservando Historias\u00bb  <br \/>\ud83d\udcf7\u2694\ufe0f\ud83e\uddf0<\/h2>\n<p>ARS FOCUS\u00a0es una plataforma tem\u00e1tica dedicada a la restauraci\u00f3n, colorizaci\u00f3n, digitalizaci\u00f3n, edici\u00f3n y ampliaci\u00f3n de fotograf\u00edas, negativos e im\u00e1genes, adem\u00e1s de otros servicios fotogr\u00e1ficos relacionados.<br \/>\nLos contenidos son ofrecidos a trav\u00e9s de ARS FOCUS.COM, ARS FOCUS BLOG (en blogger), ARS FOCUS PLUS (en pinterest) y otras redes, entre ellas instagram y facebook.<\/p>\n<p>Detalle:\u00a0Digitalizaci\u00f3n, restauraci\u00f3n, colorizaci\u00f3n y edici\u00f3n de fotograf\u00edas, negativos y otros impresos, edici\u00f3n y restauraci\u00f3n de video, dise\u00f1o gr\u00e1fico, gesti\u00f3n redes sociales, creaci\u00f3n de: afiches, gr\u00e1ficas, ediciones, p\u00e1ginas y sitios, art\u00edculos de dise\u00f1o y decoraci\u00f3n. <\/p>\n<p>\t\t\t<a href=\"https:\/\/arsfocus.marfdisegno.com\/\" target=\"_blank\" rel=\"nofollow noopener\" role=\"button\"><br \/>\n\t\t\t\t\t\tTodos los Enlaces<br \/>\n\t\t\t\t\t<\/a><\/p>\n<h2>Destacados<\/h2>\n<h2>Marcas &#038; Series<\/h2>\n<p>\t\t\t\t\t<a href=\"https:\/\/arsfocus.blogspot.com\/\" target=\"_blank\" rel=\"nofollow noopener\"><br \/>\n\t\t\t\t\t\tContenidos seleccionados y presentados en mayor detalle y en formato m\u00e1s amplio.<br \/>\n\t\t\t\t\t\tVer<br \/>\n\t\t\t\t\t\t<\/a><br \/>\n\t\t\t\t\t<a href=\"https:\/\/www.arsfocus.com\/\" target=\"_blank\" rel=\"nofollow noopener\"><br \/>\n\t\t\t\t\t\tTodo el contenido de ARS FOCUS en un solo lugar. Puedes adem\u00e1s consultar todos nuestros servicios, precios y nuestro trabajo.<br \/>\n\t\t\t\t\t\tVer<br \/>\n\t\t\t\t\t\t<\/a><br \/>\n\t\t\t\t\t<a href=\"https:\/\/www.pinterest.es\/marfdisegno\/ars-focus-plus\/\" target=\"_blank\" rel=\"nofollow noopener\"><br \/>\n\t\t\t\t\t\tColecci\u00f3n de los mejores trabajos presentados en un formato vertical y en mayor detalle.<br \/>\n\t\t\t\t\t\tVer<br \/>\n\t\t\t\t\t\t<\/a><br \/>\n\t\t\t\t\t<a href=\"https:\/\/www.arsfocus.com\/\" target=\"_blank\" rel=\"nofollow noopener\"><br \/>\n\t\t\t\t\t\tGlobe<br \/>\n\t\t\t\t\t\t\t\t\t\t\t<\/a><br \/>\n\t\t\t\t\t<a target=\"_blank\" rel=\"nofollow noopener\"><br \/>\n\t\t\t\t\t\tInstagram<br \/>\n\t\t\t\t\t\t\t\t\t\t\t<\/a><br \/>\n\t\t\t\t\t<a href=\"https:\/\/www.facebook.com\/arsfocus\/\" target=\"_blank\" rel=\"nofollow noopener\"><br \/>\n\t\t\t\t\t\tFacebook<br \/>\n\t\t\t\t\t\t\t\t\t\t\t<\/a><br \/>\n\t\t\t\t\t<a href=\"https:\/\/www.pinterest.es\/marfdisegno\/ars-focus-plus\/\" target=\"_blank\" rel=\"nofollow noopener\"><br \/>\n\t\t\t\t\t\tPinterest<br \/>\n\t\t\t\t\t\t\t\t\t\t\t<\/a><br \/>\n\t\t\t\t\t<a href=\"https:\/\/www.behance.net\/ArsFocus\" target=\"_blank\" rel=\"nofollow noopener\"><br \/>\n\t\t\t\t\t\tBehance<br \/>\n\t\t\t\t\t\t\t\t\t\t\t<\/a><br \/>\n\t\t\t\t\t<a href=\"https:\/\/arsfocus.blogspot.com\/\" target=\"_blank\" rel=\"nofollow noopener\"><br \/>\n\t\t\t\t\t\tBlogger<br \/>\n\t\t\t\t\t\t\t\t\t\t\t<\/a><br \/>\n\t\t\t\t\t<a href=\"https:\/\/arsfocus.blogspot.com\/\" target=\"_blank\" rel=\"nofollow noopener\"><br \/>\n\t\t\t\t\t\tTelegram<br \/>\n\t\t\t\t\t\t\t\t\t\t\t<\/a><br \/>\n\t\t\t\t\t<a href=\"https:\/\/api.whatsapp.com\/send\/?phone=56963447819&#038;text&#038;app_absent=0\" target=\"_blank\" rel=\"nofollow noopener\"><br \/>\n\t\t\t\t\t\tWhatsapp<br \/>\n\t\t\t\t\t\t\t\t\t\t\t<\/a><br \/>\n\t\t\t\t\t<a href=\"https:\/\/www.youtube.com\/playlist?list=PLDTIlk7kJumaOBHhJqjN-uEm11CIxCoHQ\" target=\"_blank\" rel=\"nofollow noopener\"><br \/>\n\t\t\t\t\t\tYoutube<br \/>\n\t\t\t\t\t\t\t\t\t\t\t<\/a><\/p>\n","protected":false},"excerpt":{"rendered":"<p>\u00abPreservando Historias\u00bb \ud83d\udcf7\u2694\ufe0f\ud83e\uddf0 ARS FOCUS\u00a0es una plataforma tem\u00e1tica dedicada a la restauraci\u00f3n, colorizaci\u00f3n, digitalizaci\u00f3n, edici\u00f3n y ampliaci\u00f3n de fotograf\u00edas, negativos e im\u00e1genes, adem\u00e1s de otros servicios fotogr\u00e1ficos relacionados. Los contenidos son ofrecidos a trav\u00e9s de ARS FOCUS.COM, ARS FOCUS BLOG (en blogger), ARS FOCUS PLUS (en pinterest) y otras redes, entre ellas instagram y facebook. [&hellip;]<\/p>\n","protected":false},"author":1,"featured_media":2907,"parent":653,"menu_order":0,"comment_status":"closed","ping_status":"closed","template":"elementor_header_footer","meta":{"footnotes":""},"class_list":["post-876","page","type-page","status-publish","has-post-thumbnail","hentry"],"_links":{"self":[{"href":"https:\/\/pruebas.marfdisegno.com\/index.php\/wp-json\/wp\/v2\/pages\/876","targetHints":{"allow":["GET"]}}],"collection":[{"href":"https:\/\/pruebas.marfdisegno.com\/index.php\/wp-json\/wp\/v2\/pages"}],"about":[{"href":"https:\/\/pruebas.marfdisegno.com\/index.php\/wp-json\/wp\/v2\/types\/page"}],"author":[{"embeddable":true,"href":"https:\/\/pruebas.marfdisegno.com\/index.php\/wp-json\/wp\/v2\/users\/1"}],"replies":[{"embeddable":true,"href":"https:\/\/pruebas.marfdisegno.com\/index.php\/wp-json\/wp\/v2\/comments?post=876"}],"version-history":[{"count":0,"href":"https:\/\/pruebas.marfdisegno.com\/index.php\/wp-json\/wp\/v2\/pages\/876\/revisions"}],"up":[{"embeddable":true,"href":"https:\/\/pruebas.marfdisegno.com\/index.php\/wp-json\/wp\/v2\/pages\/653"}],"wp:featuredmedia":[{"embeddable":true,"href":"https:\/\/pruebas.marfdisegno.com\/index.php\/wp-json\/wp\/v2\/media\/2907"}],"wp:attachment":[{"href":"https:\/\/pruebas.marfdisegno.com\/index.php\/wp-json\/wp\/v2\/media?parent=876"}],"curies":[{"name":"wp","href":"https:\/\/api.w.org\/{rel}","templated":true}]}}