{"id":896,"date":"2020-08-14T15:43:59","date_gmt":"2020-08-14T19:43:59","guid":{"rendered":"https:\/\/marfdisegno.wordpress.com\/?page_id=896"},"modified":"2020-08-14T15:43:59","modified_gmt":"2020-08-14T19:43:59","slug":"vestigie","status":"publish","type":"page","link":"https:\/\/pruebas.marfdisegno.com\/index.php\/marcas\/vestigie\/","title":{"rendered":"Vestigie"},"content":{"rendered":"<p><img decoding=\"async\" src=\"https:\/\/pruebas.marfdisegno.com\/wp-content\/uploads\/2021\/09\/VESTIGIE-IMAGOTIPO-Oro-v29.06.2020.png\" title=\"VESTIGIE IMAGOTIPO Oro v29.06.2020\" alt=\"VESTIGIE IMAGOTIPO Oro v29.06.2020\"><\/p>\n<h2>Huellas del Pasado\ud83d\udc63<\/h2>\n<p><strong>VESTIGIE<\/strong>&nbsp;es una plataforma tem\u00e1tica sobre la Historia, viajes por el pasado, objetos, lugares, hechos y relatos. Se centra en productos y contenidos digitales y f\u00edsicos, mezclando el dise\u00f1o y lo visual con informaci\u00f3n y una forma alterna de ver la historia, los objetos y hechos.<\/p>\n<p><strong><em>Detalle<\/em><\/strong>: Edici\u00f3n dise\u00f1os varios, gesti\u00f3n redes sociales, afiches, graficas, p\u00e1ginas y sitios web, ediciones, fotograf\u00eda, edici\u00f3n fotograf\u00edas, digitalizaci\u00f3n de fotograf\u00edas&nbsp; y otros impresos, art\u00edculos de dise\u00f1o y decoraci\u00f3n, recolecci\u00f3n antig\u00fcedades, compra y venta de antig\u00fcedades.<\/p>\n<p><a href=\"https:\/\/urltr.ee\/vestigie\" target=\"_blank\" rel=\"nofollow noopener\" role=\"button\"><br \/>\nTodos los Enlaces<br \/>\n<\/a><\/p>\n<h2>Marcas &amp; Series<\/h2>\n<p><a href=\"https:\/\/vestigie.blogspot.com\/\" target=\"_blank\" rel=\"nofollow noopener\"><br \/>\nContenidos e im\u00e1genes presentados en detalle y en formato m\u00e1s amplio<br \/>\nVer<br \/>\n<\/a><br \/>\n<a href=\"https:\/\/www.pinterest.es\/marfdisegno\/vestigie-plus\/\" target=\"_blank\" rel=\"nofollow noopener\"><br \/>\nColecci\u00f3n de im\u00e1genes y postales de Historia, monumentos, ruinas, relatos, objetos y huellas de pasados cargados de sentimiento y emociones<br \/>\nVer<br \/>\n<\/a><br \/>\n<a href=\"https:\/\/www.pinterest.es\/marfdisegno\/vestigie-plus\/\" target=\"_blank\" rel=\"nofollow noopener\"><br \/>\nPinterest<br \/>\n<\/a><br \/>\n<a href=\"https:\/\/vestigie.blogspot.com\/\" target=\"_blank\" rel=\"nofollow noopener\"><br \/>\nBlogger<br \/>\n<\/a><\/p>\n","protected":false},"excerpt":{"rendered":"<p>Huellas del Pasado\ud83d\udc63 VESTIGIE&nbsp;es una plataforma tem\u00e1tica sobre la Historia, viajes por el pasado, objetos, lugares, hechos y relatos. Se centra en productos y contenidos digitales y f\u00edsicos, mezclando el dise\u00f1o y lo visual con informaci\u00f3n y una forma alterna de ver la historia, los objetos y hechos. Detalle: Edici\u00f3n dise\u00f1os varios, gesti\u00f3n redes sociales, [&hellip;]<\/p>\n","protected":false},"author":1,"featured_media":2905,"parent":653,"menu_order":0,"comment_status":"closed","ping_status":"closed","template":"elementor_header_footer","meta":{"footnotes":""},"class_list":["post-896","page","type-page","status-publish","has-post-thumbnail","hentry"],"_links":{"self":[{"href":"https:\/\/pruebas.marfdisegno.com\/index.php\/wp-json\/wp\/v2\/pages\/896","targetHints":{"allow":["GET"]}}],"collection":[{"href":"https:\/\/pruebas.marfdisegno.com\/index.php\/wp-json\/wp\/v2\/pages"}],"about":[{"href":"https:\/\/pruebas.marfdisegno.com\/index.php\/wp-json\/wp\/v2\/types\/page"}],"author":[{"embeddable":true,"href":"https:\/\/pruebas.marfdisegno.com\/index.php\/wp-json\/wp\/v2\/users\/1"}],"replies":[{"embeddable":true,"href":"https:\/\/pruebas.marfdisegno.com\/index.php\/wp-json\/wp\/v2\/comments?post=896"}],"version-history":[{"count":0,"href":"https:\/\/pruebas.marfdisegno.com\/index.php\/wp-json\/wp\/v2\/pages\/896\/revisions"}],"up":[{"embeddable":true,"href":"https:\/\/pruebas.marfdisegno.com\/index.php\/wp-json\/wp\/v2\/pages\/653"}],"wp:featuredmedia":[{"embeddable":true,"href":"https:\/\/pruebas.marfdisegno.com\/index.php\/wp-json\/wp\/v2\/media\/2905"}],"wp:attachment":[{"href":"https:\/\/pruebas.marfdisegno.com\/index.php\/wp-json\/wp\/v2\/media?parent=896"}],"curies":[{"name":"wp","href":"https:\/\/api.w.org\/{rel}","templated":true}]}}