{"id":9,"date":"2020-04-13T21:30:43","date_gmt":"2020-04-13T21:30:43","guid":{"rendered":"https:\/\/marfdisegno.wordpress.com\/?page_id=9"},"modified":"2020-04-13T21:30:43","modified_gmt":"2020-04-13T21:30:43","slug":"acerca-de","status":"publish","type":"page","link":"https:\/\/pruebas.marfdisegno.com\/index.php\/acerca-de\/","title":{"rendered":"Acerca de"},"content":{"rendered":"<p><img decoding=\"async\" src=\"https:\/\/marfdisegno.com\/wp-content\/uploads\/2023\/02\/MARF-Logotipo-Albus-SVG_Mesa-de-trabajo-1-copia-11.svg\" title=\"Marf Disegno\" alt=\"Marf Disegno\" loading=\"lazy\" \/><\/p>\n<h2>Acerca de  Marf Disegno <\/h2>\n<p>MARF DISEGNO\u00a0(Dise\u00f1o) es un proyecto que representa mi portafolio y a la vez agrupa a todos mis trabajos relacionados con dise\u00f1o, fotograf\u00eda, edici\u00f3n, investigaci\u00f3n, otros. Estos a su vez se distribuyen en distintas plataformas tem\u00e1ticas o marcas, entre las que se cuentan INZZPIRA, NOCTURX, VESTIGIE, ARS FOCUS, cada una enfocada en un \u00e1mbito o categor\u00eda distinta.<br \/>\nLos contenidos son ofrecidos a trav\u00e9s de distintas plataformas; webs propias, redes sociales: instagram, facebook, pinterest, youtube, ello y otras plataformas como behance, blogger, flickr, 500px.<br \/>\nDetalle: Dise\u00f1o gr\u00e1fico, gesti\u00f3n redes sociales, creaci\u00f3n de: afiches, graficas, ediciones, p\u00e1ginas y sitios web, fotograf\u00eda, edici\u00f3n fotogr\u00e1fica.<\/p>\n<h4>Sobre m\u00ed<\/h4>\n<p>Mi nombre es Mauricio Andr\u00e9s Rojas Fuentes, m\u00e1s com\u00fanmente<br \/>\nabreviado como MARF, desde donde surge el nombre dado a esta marca\/portafolio,<br \/>\ndonde agrupo todos mis trabajos de dise\u00f1o, fotograf\u00eda, web y otros. <\/p>\n<p>Soy Dise\u00f1ador Gr\u00e1fico de Profesi\u00f3n, soy de la Regi\u00f3n del Maule, en Chile, m\u00e1s espec\u00edficamente de San<br \/>\nJavier. <br \/>\nEl \u00e9nfasis de mis trabajos ha estado siempre enfocado en aspectos como la naturaleza, la historia y los objetos y lugares cotidianos. Buena parte de lo que he hecho ha sido retratar mi<br \/>\nzona, \u00f3sea la Regi\u00f3n del Maule. <br \/>\nEs desde al menos el a\u00f1o 2007, cuando empiezo y creo mi primer proyecto en torno a lo que es el dise\u00f1o, espec\u00edficamente una revista, todo si muy artesanal y hecho a mano. <br \/>\nNo es hasta el 2009 que doy mis primeros pasos en el mundo digital.<br \/>\nPara 2011 ya estoy creando mis primeras p\u00e1ginas web y editando c\u00f3digo.<br \/>\nCon cada a\u00f1o que pasaba iba incursionando en m\u00e1s campo cada vez con m\u00e1s seriedad.\n<\/p>\n<p>\t\t\t\t\t\t\t\t\t\t\t\t\t\t\t<img decoding=\"async\" width=\"819\" height=\"820\" src=\"https:\/\/pruebas.marfdisegno.com\/wp-content\/uploads\/2023\/04\/ego_io_yo_eu.png\" alt=\"\" loading=\"lazy\" srcset=\"https:\/\/pruebas.marfdisegno.com\/wp-content\/uploads\/2023\/04\/ego_io_yo_eu.png 819w, https:\/\/pruebas.marfdisegno.com\/wp-content\/uploads\/2023\/04\/ego_io_yo_eu-300x300.png 300w, https:\/\/pruebas.marfdisegno.com\/wp-content\/uploads\/2023\/04\/ego_io_yo_eu-150x150.png 150w, https:\/\/pruebas.marfdisegno.com\/wp-content\/uploads\/2023\/04\/ego_io_yo_eu-768x769.png 768w\" sizes=\"auto, (max-width: 819px) 100vw, 819px\" \/><br \/>\n\t\t\t\t\t\t\t\t\t\t\t\t\t\t\t<img decoding=\"async\" width=\"1128\" height=\"464\" src=\"https:\/\/pruebas.marfdisegno.com\/wp-content\/uploads\/2023\/04\/Marf_disegno_logo_diseno_holografico-2.png\" alt=\"\" loading=\"lazy\" srcset=\"https:\/\/pruebas.marfdisegno.com\/wp-content\/uploads\/2023\/04\/Marf_disegno_logo_diseno_holografico-2.png 1128w, https:\/\/pruebas.marfdisegno.com\/wp-content\/uploads\/2023\/04\/Marf_disegno_logo_diseno_holografico-2-300x123.png 300w, https:\/\/pruebas.marfdisegno.com\/wp-content\/uploads\/2023\/04\/Marf_disegno_logo_diseno_holografico-2-1024x421.png 1024w, https:\/\/pruebas.marfdisegno.com\/wp-content\/uploads\/2023\/04\/Marf_disegno_logo_diseno_holografico-2-768x316.png 768w\" sizes=\"auto, (max-width: 1128px) 100vw, 1128px\" \/><\/p>\n<h4>La \u00faltima d\u00e9cada <\/h4>\n<p>Es entre los a\u00f1os 2014 y 2017, previo a ingresar a la universidad, que mis proyectos se consolidan y surgen las semillas de proyectos como  <a href=\"https:\/\/www.nocturx.com\/\" target=\"_blank\" rel=\"noopener noreferrer\"><br \/>\n       Nocturx\u2122,<\/a> m\u00e1s tarde se desarrollar\u00edan otros como <a href=\"https:\/\/www.inzzpira.com\/\" target=\"_blank\" rel=\"noopener noreferrer\"><br \/>\n       Inzzpira\u2122,<\/a> y multitud de otros nombres y proyectos que fueron mutando, mezcl\u00e1ndose y fusion\u00e1ndose con otros; Pacifico, Urvan Capital, Gumps, Planeta, etc.<\/p>\n<p>A comienzos de  2020, en un creciente inter\u00e9s por la fotograf\u00eda, adquiero mi primera c\u00e1mara y creo <a href=\"https:\/\/www.arsfocus.com\/\" target=\"_blank\" rel=\"noopener noreferrer\"><br \/>\n      Ars Focus\u2122,<\/a> aunado a mi inter\u00e9s por la historia. <br \/>\nYa en plena pandemia y en b\u00fasqueda de unificar todos mis trabajos y proyectos bajo una misma estructura es que creo Marf Disegno, que en un principio no tenia nombre, ya que no se me ocurr\u00eda nada, hasta que decido llamarla por mi sigla.\n    <\/p>\n<h4>Actualmente<\/h4>\n<p>En la actualidad mi trabajo sigue evolucionando, al igual que yo y la siempre presente b\u00fasqueda de nuevos caminos. <br \/> Fuerte impulso ha tomado <a href=\"https:\/\/www.fotografia.marfdisegno.com.com\/\" target=\"_blank\" rel=\"noopener noreferrer\"><br \/>\n      Marf Fotograf\u00eda\u2122,<\/a> que result\u00f3 de una escisi\u00f3n de mi marca principal, dedicada exclusivamente a la fotograf\u00eda.\n<\/p>\n<p>\t\t\t\t\t\t\t\t\t\t\t\t\t\t\t<img decoding=\"async\" width=\"1925\" height=\"589\" src=\"https:\/\/pruebas.marfdisegno.com\/wp-content\/uploads\/2023\/04\/2025.png\" alt=\"\" loading=\"lazy\" srcset=\"https:\/\/pruebas.marfdisegno.com\/wp-content\/uploads\/2023\/04\/2025.png 1925w, https:\/\/pruebas.marfdisegno.com\/wp-content\/uploads\/2023\/04\/2025-300x92.png 300w, https:\/\/pruebas.marfdisegno.com\/wp-content\/uploads\/2023\/04\/2025-1024x313.png 1024w, https:\/\/pruebas.marfdisegno.com\/wp-content\/uploads\/2023\/04\/2025-768x235.png 768w, https:\/\/pruebas.marfdisegno.com\/wp-content\/uploads\/2023\/04\/2025-1536x470.png 1536w, https:\/\/pruebas.marfdisegno.com\/wp-content\/uploads\/2023\/04\/2025-1200x367.png 1200w\" sizes=\"auto, (max-width: 1925px) 100vw, 1925px\" \/><br \/>\n\t\t\t\t\t\t\t\t\t\t\t\t\t\t\t<img decoding=\"async\" width=\"893\" height=\"1200\" src=\"https:\/\/pruebas.marfdisegno.com\/wp-content\/uploads\/2022\/08\/MD-Presentacion-Marca-Web-02.08.2020.1.png\" alt=\"\" loading=\"lazy\" srcset=\"https:\/\/pruebas.marfdisegno.com\/wp-content\/uploads\/2022\/08\/MD-Presentacion-Marca-Web-02.08.2020.1.png 893w, https:\/\/pruebas.marfdisegno.com\/wp-content\/uploads\/2022\/08\/MD-Presentacion-Marca-Web-02.08.2020.1-223x300.png 223w, https:\/\/pruebas.marfdisegno.com\/wp-content\/uploads\/2022\/08\/MD-Presentacion-Marca-Web-02.08.2020.1-762x1024.png 762w, https:\/\/pruebas.marfdisegno.com\/wp-content\/uploads\/2022\/08\/MD-Presentacion-Marca-Web-02.08.2020.1-768x1032.png 768w\" sizes=\"auto, (max-width: 893px) 100vw, 893px\" \/><\/p>\n<h4>El Logo<\/h4>\n<p>\n<br \/>\nPara la realizaci\u00f3n del logo, el enfoque principal fue hacer la marca lo m\u00e1s funcional y reconocible posible, en distintos tama\u00f1os, distintos soportes y distintas superficies.<br \/>\nAdem\u00e1s, reforzado con la utilizaci\u00f3n de nuestro tono espec\u00edfico de <b><font COLOR=\"#0D55C9\"> AZUL<\/font><\/b>.<\/p>\n<h2>Marcas &#038; Series<\/h2>\n<p>\t\t\t\t\t<a href=\"https:\/\/marfdisegno.blogspot.com\/\" target=\"_blank\" rel=\"nofollow noopener\"><br \/>\n\t\t\t\t\t\tContenidos e im\u00e1genes presentados en detalle y en formato m\u00e1s amplio<br \/>\n\t\t\t\t\t\tVer<br \/>\n\t\t\t\t\t\t<\/a><br \/>\n\t\t\t\t\t<a href=\"https:\/\/www.marfdisegno.com\" target=\"_blank\" rel=\"nofollow noopener\"><br \/>\n\t\t\t\t\t\tTodo nuestro contenido reunido en un solo lugar<br \/>\n\t\t\t\t\t\tVer<br \/>\n\t\t\t\t\t\t<\/a><br \/>\n\t\t\t\t\t<a href=\"https:\/\/fotografia.marfdisegno.com\/\" target=\"_blank\" rel=\"nofollow noopener\"><br \/>\n\t\t\t\t\t\tEscisi\u00f3n dedicada 100% a la fotograf\u00eda y que recopila todo el material relacionado de las otras plataformas de Marf Disegno<br \/>\n\t\t\t\t\t\tVer<br \/>\n\t\t\t\t\t\t<\/a><br \/>\n\t\t\t\t\t\tSecci\u00f3n a cargo del desarrollo y prueba de nuevos servicios, productos, perfiles,<br \/>\nplataformas y otros<\/p>\n<h4>Para m\u00e1s detalles<\/h4>\n<p>\t\t\t<a href=\"https:\/\/marfdisegno.com\/politica-de-privacidad\/\" role=\"button\"><br \/>\n\t\t\t\t\t\tPol\u00edtica de Privacidad<br \/>\n\t\t\t\t\t<\/a><br \/>\n\t\t\t<a href=\"https:\/\/marfdisegno.com\/terminos-y-condiciones\/\" role=\"button\"><br \/>\n\t\t\t\t\t\tT\u00e9rminos y Condiciones<br \/>\n\t\t\t\t\t<\/a><br \/>\n\t\t\t<a href=\"https:\/\/marfdisegno.com\/contacto\/\" role=\"button\"><br \/>\n\t\t\t\t\t\tContacto<br \/>\n\t\t\t\t\t<\/a><\/p>\n","protected":false},"excerpt":{"rendered":"<p>Acerca de Marf Disegno MARF DISEGNO\u00a0(Dise\u00f1o) es un proyecto que representa mi portafolio y a la vez agrupa a todos mis trabajos relacionados con dise\u00f1o, fotograf\u00eda, edici\u00f3n, investigaci\u00f3n, otros. Estos a su vez se distribuyen en distintas plataformas tem\u00e1ticas o marcas, entre las que se cuentan INZZPIRA, NOCTURX, VESTIGIE, ARS FOCUS, cada una enfocada en [&hellip;]<\/p>\n","protected":false},"author":1,"featured_media":4490,"parent":0,"menu_order":0,"comment_status":"closed","ping_status":"closed","template":"elementor_header_footer","meta":{"footnotes":""},"class_list":["post-9","page","type-page","status-publish","has-post-thumbnail","hentry"],"_links":{"self":[{"href":"https:\/\/pruebas.marfdisegno.com\/index.php\/wp-json\/wp\/v2\/pages\/9","targetHints":{"allow":["GET"]}}],"collection":[{"href":"https:\/\/pruebas.marfdisegno.com\/index.php\/wp-json\/wp\/v2\/pages"}],"about":[{"href":"https:\/\/pruebas.marfdisegno.com\/index.php\/wp-json\/wp\/v2\/types\/page"}],"author":[{"embeddable":true,"href":"https:\/\/pruebas.marfdisegno.com\/index.php\/wp-json\/wp\/v2\/users\/1"}],"replies":[{"embeddable":true,"href":"https:\/\/pruebas.marfdisegno.com\/index.php\/wp-json\/wp\/v2\/comments?post=9"}],"version-history":[{"count":0,"href":"https:\/\/pruebas.marfdisegno.com\/index.php\/wp-json\/wp\/v2\/pages\/9\/revisions"}],"wp:featuredmedia":[{"embeddable":true,"href":"https:\/\/pruebas.marfdisegno.com\/index.php\/wp-json\/wp\/v2\/media\/4490"}],"wp:attachment":[{"href":"https:\/\/pruebas.marfdisegno.com\/index.php\/wp-json\/wp\/v2\/media?parent=9"}],"curies":[{"name":"wp","href":"https:\/\/api.w.org\/{rel}","templated":true}]}}