{"id":908,"date":"2020-08-16T15:40:09","date_gmt":"2020-08-16T19:40:09","guid":{"rendered":"https:\/\/marfdisegno.wordpress.com\/?page_id=908"},"modified":"2020-08-16T15:40:09","modified_gmt":"2020-08-16T19:40:09","slug":"urvan-capital","status":"publish","type":"page","link":"https:\/\/pruebas.marfdisegno.com\/index.php\/marcas\/urvan-capital\/","title":{"rendered":"Urvan Capital"},"content":{"rendered":"\t\t<div data-elementor-type=\"wp-page\" data-elementor-id=\"908\" class=\"elementor elementor-908\" data-elementor-post-type=\"page\">\n\t\t\t\t\t\t\t\t\t<section class=\"elementor-section elementor-top-section elementor-element elementor-element-52f5405 elementor-section-boxed elementor-section-height-default elementor-section-height-default\" data-id=\"52f5405\" data-element_type=\"section\">\n\t\t\t\t\t\t<div class=\"elementor-container elementor-column-gap-default\">\n\t\t\t\t\t<div class=\"elementor-column elementor-col-100 elementor-top-column elementor-element elementor-element-214da5c3\" data-id=\"214da5c3\" data-element_type=\"column\">\n\t\t\t<div class=\"elementor-widget-wrap elementor-element-populated\">\n\t\t\t\t\t\t\t\t<div class=\"elementor-element elementor-element-17f1e1d9 elementor-widget elementor-widget-text-editor\" data-id=\"17f1e1d9\" data-element_type=\"widget\" data-widget_type=\"text-editor.default\">\n\t\t\t\t<div class=\"elementor-widget-container\">\n\t\t\t<style>\/*! elementor - v3.15.0 - 20-08-2023 *\/\n.elementor-widget-text-editor.elementor-drop-cap-view-stacked .elementor-drop-cap{background-color:#69727d;color:#fff}.elementor-widget-text-editor.elementor-drop-cap-view-framed .elementor-drop-cap{color:#69727d;border:3px solid;background-color:transparent}.elementor-widget-text-editor:not(.elementor-drop-cap-view-default) .elementor-drop-cap{margin-top:8px}.elementor-widget-text-editor:not(.elementor-drop-cap-view-default) .elementor-drop-cap-letter{width:1em;height:1em}.elementor-widget-text-editor .elementor-drop-cap{float:left;text-align:center;line-height:1;font-size:50px}.elementor-widget-text-editor .elementor-drop-cap-letter{display:inline-block}<\/style>\t\t\t\t<!-- wp:cover {\"url\":\"https:\/\/marfdisegno.files.wordpress.com\/2020\/08\/buildings-1838418_1280.jpg\",\"id\":911,\"dimRatio\":62,\"customOverlayColor\":\"#000000\",\"focalPoint\":{\"x\":0.5,\"y\":\"0.70\"},\"minHeight\":620,\"align\":\"full\"} -->\n<div class=\"wp-block-cover alignfull has-background-dim-60 has-background-dim\" style=\"background-color:#000000;min-height:620px\"><img decoding=\"async\" class=\"wp-block-cover__image-background wp-image-911\" alt=\"\" src=\"https:\/\/marfdisegno.files.wordpress.com\/2020\/08\/buildings-1838418_1280.jpg\" style=\"object-position:50% 70%\" data-object-fit=\"cover\" data-object-position=\"50% 70%\"\/><div class=\"wp-block-cover__inner-container\"><!-- wp:jetpack\/layout-grid {\"addGutterEnds\":false,\"column1DesktopSpan\":10,\"column1DesktopOffset\":1,\"column1TabletSpan\":8,\"column1MobileSpan\":4,\"column2DesktopOffset\":1,\"className\":\"column1-desktop-grid__span-10 column1-desktop-grid__start-2 column1-desktop-grid__row-1 column1-tablet-grid__span-8 column1-tablet-grid__row-1 column1-mobile-grid__span-4 column1-mobile-grid__row-1\"} -->\n<div class=\"wp-block-jetpack-layout-grid alignfull column1-desktop-grid__span-10 column1-desktop-grid__start-2 column1-desktop-grid__row-1 column1-tablet-grid__span-8 column1-tablet-grid__row-1 column1-mobile-grid__span-4 column1-mobile-grid__row-1 wp-block-jetpack-layout-gutter__nowrap\"><!-- wp:jetpack\/layout-grid-column -->\n<div class=\"wp-block-jetpack-layout-grid-column wp-block-jetpack-layout-grid__padding-none\"><!-- wp:image {\"align\":\"center\",\"id\":1154,\"width\":347,\"height\":228,\"sizeSlug\":\"large\"} -->\n<div class=\"wp-block-image\"><figure class=\"aligncenter size-large is-resized\"><img loading=\"lazy\" decoding=\"async\" src=\"https:\/\/marfdisegno.files.wordpress.com\/2020\/09\/urvan-capital-imagotipo-albus-v.16.05.2020.png?w=431\" alt=\"\" class=\"wp-image-1154\" width=\"347\" height=\"228\"\/><\/figure><\/div>\n<!-- \/wp:image -->\n\n<!-- wp:paragraph {\"style\":{\"typography\":{\"fontSize\":55}},\"className\":\"has-text-color has-text-align-center margin-bottom-none\"} -->\n<p class=\"has-text-color has-text-align-center margin-bottom-none\" style=\"font-size:55px\"><strong>Exploraci\u00f3n Urbana <\/strong><span style=\"color:inherit;font-size:45px;\">\ud83c\udfd9<\/span><\/p>\n<!-- \/wp:paragraph -->\n\n<!-- wp:paragraph {\"style\":{\"typography\":{\"lineHeight\":1.4}}} -->\n<p style=\"line-height:1.4\"><strong>URVAN CAPITAL<\/strong> es una plataforma tem\u00e1tica dedicada a la exploraci\u00f3n urbana. Una gran traves\u00eda sobre y bajo la piel de la ciudad, diferentes espacios, perspectivas, huellas e historias.<\/p>\n<!-- \/wp:paragraph -->\n\n<!-- wp:paragraph {\"style\":{\"typography\":{\"lineHeight\":1.4}}} -->\n<p style=\"line-height:1.4\">Contenidos ofrecidos a trav\u00e9s de Pinterest, Blogger y en otras plataformas.<\/p>\n<!-- \/wp:paragraph -->\n\n<!-- wp:buttons {\"contentJustification\":\"center\"} -->\n<div class=\"wp-block-buttons is-content-justification-center\"><!-- wp:button {\"style\":{\"color\":{\"text\":\"#ffffff\",\"background\":\"#6200fc\"},\"border\":{\"radius\":25}}} -->\n<div class=\"wp-block-button\"><a class=\"wp-block-button__link has-text-color has-background\" href=\"https:\/\/urvancapital.blogspot.com\/\" style=\"border-radius:25px;background-color:#6200fc;color:#ffffff\" target=\"_blank\" rel=\"noreferrer noopener\"><strong>Blog<\/strong><\/a><\/div>\n<!-- \/wp:button -->\n\n<!-- wp:button {\"style\":{\"border\":{\"radius\":25}}} -->\n<div class=\"wp-block-button\"><a class=\"wp-block-button__link\" href=\"https:\/\/www.pinterest.cl\/marfdisegno\/urvan-capital\/\" style=\"border-radius:25px\" target=\"_blank\" rel=\"noreferrer noopener\"><strong>Pinterest<\/strong><\/a><\/div>\n<!-- \/wp:button --><\/div>\n<!-- \/wp:buttons --><\/div>\n<!-- \/wp:jetpack\/layout-grid-column --><\/div>\n<!-- \/wp:jetpack\/layout-grid --><\/div><\/div>\n<!-- \/wp:cover -->\n\n<!-- wp:jetpack\/pinterest {\"url\":\"https:\/\/www.pinterest.es\/marfdisegno\/urvan-capital\/\"} -->\n<a href=\"https:\/\/www.pinterest.es\/marfdisegno\/urvan-capital\/\" class=\"wp-block-jetpack-pinterest\">https:\/\/www.pinterest.es\/marfdisegno\/urvan-capital\/<\/a>\n<!-- \/wp:jetpack\/pinterest -->\t\t\t\t\t\t<\/div>\n\t\t\t\t<\/div>\n\t\t\t\t\t<\/div>\n\t\t<\/div>\n\t\t\t\t\t\t\t<\/div>\n\t\t<\/section>\n\t\t\t\t\t\t\t<\/div>\n\t\t","protected":false},"excerpt":{"rendered":"","protected":false},"author":1,"featured_media":2904,"parent":653,"menu_order":0,"comment_status":"closed","ping_status":"closed","template":"elementor_header_footer","meta":{"footnotes":""},"class_list":["post-908","page","type-page","status-publish","has-post-thumbnail","hentry"],"_links":{"self":[{"href":"https:\/\/pruebas.marfdisegno.com\/index.php\/wp-json\/wp\/v2\/pages\/908","targetHints":{"allow":["GET"]}}],"collection":[{"href":"https:\/\/pruebas.marfdisegno.com\/index.php\/wp-json\/wp\/v2\/pages"}],"about":[{"href":"https:\/\/pruebas.marfdisegno.com\/index.php\/wp-json\/wp\/v2\/types\/page"}],"author":[{"embeddable":true,"href":"https:\/\/pruebas.marfdisegno.com\/index.php\/wp-json\/wp\/v2\/users\/1"}],"replies":[{"embeddable":true,"href":"https:\/\/pruebas.marfdisegno.com\/index.php\/wp-json\/wp\/v2\/comments?post=908"}],"version-history":[{"count":0,"href":"https:\/\/pruebas.marfdisegno.com\/index.php\/wp-json\/wp\/v2\/pages\/908\/revisions"}],"up":[{"embeddable":true,"href":"https:\/\/pruebas.marfdisegno.com\/index.php\/wp-json\/wp\/v2\/pages\/653"}],"wp:featuredmedia":[{"embeddable":true,"href":"https:\/\/pruebas.marfdisegno.com\/index.php\/wp-json\/wp\/v2\/media\/2904"}],"wp:attachment":[{"href":"https:\/\/pruebas.marfdisegno.com\/index.php\/wp-json\/wp\/v2\/media?parent=908"}],"curies":[{"name":"wp","href":"https:\/\/api.w.org\/{rel}","templated":true}]}}