{"id":9573,"date":"2022-10-26T11:57:18","date_gmt":"2022-10-26T14:57:18","guid":{"rendered":"https:\/\/marfdisegno.com\/?page_id=9573"},"modified":"2022-10-26T11:57:18","modified_gmt":"2022-10-26T14:57:18","slug":"informazioni-su","status":"publish","type":"page","link":"https:\/\/pruebas.marfdisegno.com\/index.php\/informazioni-su\/","title":{"rendered":"Informazioni su"},"content":{"rendered":"<p><img decoding=\"async\" src=\"https:\/\/marfdisegno.com\/wp-content\/uploads\/2023\/02\/MARF-Logotipo-Albus-SVG_Mesa-de-trabajo-1-copia-11.svg\" title=\"Marf Disegno\" alt=\"Marf Disegno\" loading=\"lazy\" \/><\/p>\n<h2>Informazioni su Marf Disegno <\/h2>\n<p>MARF DISEGNO \u00e8 un progetto che rappresenta il mio portafoglio e allo stesso tempo riunisce tutto il mio lavoro legato al disegno, alla fotografia, all&#8217; edizione, alla ricerca e altri. Questi a loro volta sono distribuiti su diverse piattaforme tematiche o marchi, tra cui INZZPIRA, NOCTURX, ARS FOCUS, ognuno focalizzato su un&#8217;area o una categoria diversa. <\/p>\n<p>I contenuti sono offerti attraverso diverse piattaforme: siti web propri, reti sociali: instagram, facebook, pinterest, youtube, ello, ed altre piattaforme come behance, blogger, flickr, 500px. <\/p>\n<p>Dettagli: Grafica, gestione delle reti sociali, creazione di: manifesti, grafica, edizioni, pagine web e siti web, fotografia, fotoritocco.<\/p>\n<h4>Su di me<\/h4>\n<p>Il mio nome \u00e8 Mauricio Andr\u00e9s Rojas Fuentes, pi\u00f9 comunemente abbreviato come MARF, ed \u00e8 da l\u00ec che nasce il nome dato a questa marchia\/portafoglio,<br \/>\ndove raggruppo tutti i miei lavori di disegno, fotografia, web, reti sociali<br \/>\ne altri. <\/p>\n<p>Sono un disegnatore grafico di professione, sono della Regione del Maule, in Cile, pi\u00f9 specificamente di San<br \/>\nJavier. <br \/>\nL&#8217;enfasi del mio lavoro \u00e8 sempre stata focalizzata su aspetti quali la natura, la storia e gli oggetti e i luoghi della vita quotidiana. Gran parte di ci\u00f2 che ho fatto \u00e8 stato ritrarre la mia zona, la Regione del Maule. <br \/>\n\u00c8 almeno dal 2007, quando ho iniziato e creato il mio primo progetto intorno al disegno, nello specifico una rivista, tutto molto artigianale e fatto a mano. <br \/>\nSolo nel 2009 ho mosso i primi passi nel mondo digitale.<br \/>\nPer il 2011 sto gi\u00e0 creando le mie prime pagine web e modificando codice. <br \/>\nCon il passare degli anni, si \u00e8 avvicinato a un numero sempre maggiore di campi con crescente seriet\u00e0.\n<\/p>\n<p>\t\t\t\t\t\t\t\t\t\t\t\t\t\t\t<img decoding=\"async\" width=\"819\" height=\"820\" src=\"https:\/\/pruebas.marfdisegno.com\/wp-content\/uploads\/2023\/04\/ego_io_yo_eu.png\" alt=\"\" loading=\"lazy\" srcset=\"https:\/\/pruebas.marfdisegno.com\/wp-content\/uploads\/2023\/04\/ego_io_yo_eu.png 819w, https:\/\/pruebas.marfdisegno.com\/wp-content\/uploads\/2023\/04\/ego_io_yo_eu-300x300.png 300w, https:\/\/pruebas.marfdisegno.com\/wp-content\/uploads\/2023\/04\/ego_io_yo_eu-150x150.png 150w, https:\/\/pruebas.marfdisegno.com\/wp-content\/uploads\/2023\/04\/ego_io_yo_eu-768x769.png 768w\" sizes=\"auto, (max-width: 819px) 100vw, 819px\" \/><br \/>\n\t\t\t\t\t\t\t\t\t\t\t\t\t\t\t<img decoding=\"async\" width=\"1128\" height=\"464\" src=\"https:\/\/pruebas.marfdisegno.com\/wp-content\/uploads\/2023\/04\/Marf_disegno_logo_diseno_holografico-2.png\" alt=\"\" loading=\"lazy\" srcset=\"https:\/\/pruebas.marfdisegno.com\/wp-content\/uploads\/2023\/04\/Marf_disegno_logo_diseno_holografico-2.png 1128w, https:\/\/pruebas.marfdisegno.com\/wp-content\/uploads\/2023\/04\/Marf_disegno_logo_diseno_holografico-2-300x123.png 300w, https:\/\/pruebas.marfdisegno.com\/wp-content\/uploads\/2023\/04\/Marf_disegno_logo_diseno_holografico-2-1024x421.png 1024w, https:\/\/pruebas.marfdisegno.com\/wp-content\/uploads\/2023\/04\/Marf_disegno_logo_diseno_holografico-2-768x316.png 768w\" sizes=\"auto, (max-width: 1128px) 100vw, 1128px\" \/><\/p>\n<h4>L&#8217;ultimo decennio <\/h4>\n<p>\u00c8 stato tra il 2014 e il 2017, prima di entrare all&#8217;universit\u00e0, che i miei progetti si sono consolidati e sono nati i semi di progetti come  <a href=\"https:\/\/www.nocturx.com\/\" target=\"_blank\" rel=\"noopener noreferrer\"><br \/>\n       Nocturx\u2122,<\/a> altri si sarebbero sviluppati in seguito, come <a href=\"https:\/\/www.inzzpira.com\/\" target=\"_blank\" rel=\"noopener noreferrer\"><br \/>\n       Inzzpira\u2122,<\/a> e una moltitudine di altri nomi e progetti che mutavano, si mescolavano e si fondevano con altri.; Pacifico, Urvan Capital, Gumps, Planeta, etc.<\/p>\n<p>All&#8217;inizio del 2020, in un crescente interesse per la fotografia, ho acquistato la mia prima macchina fotografica e ho creato <a href=\"https:\/\/www.arsfocus.com\/\" target=\"_blank\" rel=\"noopener noreferrer\"><br \/>\n      Ars Focus\u2122,<\/a> insieme al mio interesse per la storia. <br \/>\nNel mezzo della pandemia e alla ricerca di unificare tutti i miei lavori e progetti sotto la stessa struttura, ho creato Marf Disegno, che all&#8217;inizio non aveva un nome, perch\u00e9 non mi veniva in mente nulla, finch\u00e9 ho deciso di chiamarlo con il mio acronimo.<\/p>\n<h4>Attualmente<br \/>\n<\/h4>\n<p>Oggi il mio lavoro continua a evolversi, cos\u00ec come io e la continua ricerca di nuove prospettive. <br \/> Un forte impulso ha preso <a href=\"https:\/\/www.fotografia.marfdisegno.com.com\/\" target=\"_blank\" rel=\"noopener noreferrer\"><br \/>\n      Marf Fotograf\u00eda\u2122,<\/a> che nasce da uno scissione del mio marchio principale, dedicato esclusivamente alla fotografia.\n<\/p>\n<p>\t\t\t\t\t\t\t\t\t\t\t\t\t\t\t<img decoding=\"async\" width=\"1925\" height=\"589\" src=\"https:\/\/pruebas.marfdisegno.com\/wp-content\/uploads\/2023\/04\/2025.png\" alt=\"\" loading=\"lazy\" srcset=\"https:\/\/pruebas.marfdisegno.com\/wp-content\/uploads\/2023\/04\/2025.png 1925w, https:\/\/pruebas.marfdisegno.com\/wp-content\/uploads\/2023\/04\/2025-300x92.png 300w, https:\/\/pruebas.marfdisegno.com\/wp-content\/uploads\/2023\/04\/2025-1024x313.png 1024w, https:\/\/pruebas.marfdisegno.com\/wp-content\/uploads\/2023\/04\/2025-768x235.png 768w, https:\/\/pruebas.marfdisegno.com\/wp-content\/uploads\/2023\/04\/2025-1536x470.png 1536w, https:\/\/pruebas.marfdisegno.com\/wp-content\/uploads\/2023\/04\/2025-1200x367.png 1200w\" sizes=\"auto, (max-width: 1925px) 100vw, 1925px\" \/><br \/>\n\t\t\t\t\t\t\t\t\t\t\t\t\t\t\t<img decoding=\"async\" width=\"893\" height=\"1200\" src=\"https:\/\/pruebas.marfdisegno.com\/wp-content\/uploads\/2022\/08\/MD-Presentacion-Marca-Web-02.08.2020.1.png\" alt=\"\" loading=\"lazy\" srcset=\"https:\/\/pruebas.marfdisegno.com\/wp-content\/uploads\/2022\/08\/MD-Presentacion-Marca-Web-02.08.2020.1.png 893w, https:\/\/pruebas.marfdisegno.com\/wp-content\/uploads\/2022\/08\/MD-Presentacion-Marca-Web-02.08.2020.1-223x300.png 223w, https:\/\/pruebas.marfdisegno.com\/wp-content\/uploads\/2022\/08\/MD-Presentacion-Marca-Web-02.08.2020.1-762x1024.png 762w, https:\/\/pruebas.marfdisegno.com\/wp-content\/uploads\/2022\/08\/MD-Presentacion-Marca-Web-02.08.2020.1-768x1032.png 768w\" sizes=\"auto, (max-width: 893px) 100vw, 893px\" \/><\/p>\n<h4>Il logo<\/h4>\n<p>\n<br \/>\nSi \u00e8 cercato di rendere il marchio quanto pi\u00f9 funzionale, in diverse dimensioni, diversi supporti e diverse superfici. <br \/>\nInoltre, rafforzato con l&#8217;uso del nostro specifico tono di <font COLOR=\"#0D55C9\"> AZZURRO<\/font>.<\/p>\n<h2>Marchi e serie<\/h2>\n<p>\t\t\t\t\t<a href=\"https:\/\/marfdisegno.blogspot.com\/\" target=\"_blank\" rel=\"nofollow noopener\"><br \/>\n\t\t\t\t\t\tContenuti e immagini presentati in dettaglio e in formato pi\u00f9 grande<br \/>\n\t\t\t\t\t\tVisitare<br \/>\n\t\t\t\t\t\t<\/a><br \/>\n\t\t\t\t\t<a href=\"https:\/\/www.marfdisegno.com\" target=\"_blank\" rel=\"nofollow noopener\"><br \/>\n\t\t\t\t\t\tTutti i nostri contenuti in un unico posto<br \/>\n\t\t\t\t\t\tVisitare<br \/>\n\t\t\t\t\t\t<\/a><br \/>\n\t\t\t\t\t<a href=\"https:\/\/fotografia.marfdisegno.com\/\" target=\"_blank\" rel=\"nofollow noopener\"><br \/>\n\t\t\t\t\t\tQuesta divisione \u00e8 dedicata al 100% alla fotografia e raccoglie tutto il materiale relativo alle altre piattaforme di Marf Disegno<br \/>\n\t\t\t\t\t\tVisitare<br \/>\n\t\t\t\t\t\t<\/a><br \/>\n\t\t\t\t\t\tSezione incaricata dello sviluppo e del test di nuovi servizi, prodotti, profili, piattaforme e altre<\/p>\n<h4>Per maggiori dettagli<\/h4>\n<p>\t\t\t<a href=\"https:\/\/marfdisegno.com\/politica-de-privacidad\/\"><br \/>\n\t\t\t\t\t\tInformativa sulla Riservatezza (SP)<br \/>\n\t\t\t\t\t<\/a><br \/>\n\t\t\t<a href=\"https:\/\/marfdisegno.com\/terminos-y-condiciones\/\"><br \/>\n\t\t\t\t\t\tTermini e Condizioni (SP\u200b\u200b\u200b\u200b\u200b)<br \/>\n\t\t\t\t\t<\/a><br \/>\n\t\t\t<a href=\"https:\/\/marfdisegno.com\/contacto\/\"><br \/>\n\t\t\t\t\t\tContatto<br \/>\n\t\t\t\t\t<\/a><br \/>\n\t\t\t\t\t\t\t\t\t\t\t\t\t\t\t\t<a href=\"https:\/\/marfdisegno.com\/it\"><br \/>\n\t\t\t\t\t\t\t<img decoding=\"async\" width=\"642\" height=\"371\" src=\"https:\/\/pruebas.marfdisegno.com\/wp-content\/uploads\/2021\/12\/MARF-DISEGNO-Albus-Logotipo-v26.02.2021.png\" alt=\"\" loading=\"lazy\" srcset=\"https:\/\/pruebas.marfdisegno.com\/wp-content\/uploads\/2021\/12\/MARF-DISEGNO-Albus-Logotipo-v26.02.2021.png 642w, https:\/\/pruebas.marfdisegno.com\/wp-content\/uploads\/2021\/12\/MARF-DISEGNO-Albus-Logotipo-v26.02.2021-300x173.png 300w\" sizes=\"auto, (max-width: 642px) 100vw, 642px\" \/>\t\t\t\t\t\t\t\t<\/a><\/p>\n<h4>Contenuti<\/h4>\n<p><a href=\"https:\/\/marfdisegno.com\/it\/portafolium_it\/\">Portafoglio<\/a><\/p>\n<p><a href=\"https:\/\/marfdisegno.com\/it\/marchi\/\">Marchi<\/a><\/p>\n<p><a href=\"https:\/\/marfdisegno.com\/todos-mis-sitios-y-webs\/\">Tutti i Siti e Pagine Web<br \/>\n<\/a><\/p>\n<p><a href=\"https:\/\/marfdisegno.com\/entradas\/\">Tutte le Pubblicazioni<br \/>\n<\/a><\/p>\n<p><a href=\"https:\/\/marfdisegno.com\/it\/contatto\/\">Contatto<\/a><\/p>\n<p><a href=\"https:\/\/marfdisegno.com\/enlaces\/\" target=\"_blank\" rel=\"noopener\">Enlaces<\/a><\/p>\n<h4>Informazioni Su<\/h4>\n<p><a href=\"https:\/\/marfdisegno.com\/it\/informazioni-su\/\">Su di me<\/a><\/p>\n<p><a href=\"https:\/\/marfdisegno.com\/politica-de-privacidad\/\">Informativa Sulla Riservatezza (Spa)<br \/>\n<\/a><\/p>\n<p><a href=\"https:\/\/marfdisegno.com\/terminos-y-condiciones\/\">Termini e Condizioni (Spa)<br \/>\n<\/a><\/p>\n<h4>Visitare<\/h4>\n<p><a href=\"https:\/\/fotografia.marfdisegno.com\" target=\"_blank\" rel=\"noopener\">Marf Fotograf\u00eda<\/a><\/p>\n<p>Marf Tienda<\/p>\n<p><a href=\"https:\/\/marfdisegno.blogspot.com\/\" target=\"_blank\" rel=\"nofollow noopener\">Blog<\/a><\/p>\n<h4>Reti<\/h4>\n<p>\t\t\t\t\t<a href=\"https:\/\/www.instagram.com\/marf_disegno\/\" target=\"_blank\" rel=\"noopener\"><br \/>\n\t\t\t\t\t\tInstagram<br \/>\n\t\t\t\t\t\t\t\t\t\t\t<\/a><br \/>\n\t\t\t\t\t<a href=\"https:\/\/www.facebook.com\/marf.disegno\/\" target=\"_blank\" rel=\"noopener\"><br \/>\n\t\t\t\t\t\tFacebook-f<br \/>\n\t\t\t\t\t\t\t\t\t\t\t<\/a><br \/>\n\t\t\t\t\t<a href=\"https:\/\/www.pinterest.it\/marfdisegno\/\" target=\"_blank\" rel=\"noopener\"><br \/>\n\t\t\t\t\t\tPinterest<br \/>\n\t\t\t\t\t\t\t\t\t\t\t<\/a><br \/>\n\t\t\t\t\t<a href=\"https:\/\/www.behance.net\/marfdisegno\" target=\"_blank\" rel=\"noopener\"><br \/>\n\t\t\t\t\t\tBehance<br \/>\n\t\t\t\t\t\t\t\t\t\t\t<\/a><br \/>\n\t\t\t\t\t<a href=\"https:\/\/marfdisegno.blogspot.com\/\" target=\"_blank\" rel=\"noopener\"><br \/>\n\t\t\t\t\t\tBlogger-b<br \/>\n\t\t\t\t\t\t\t\t\t\t\t<\/a><br \/>\n\t\t\t\t\t<a href=\"https:\/\/www.youtube.com\/channel\/UChPiuTk6sacG5uBopdBrokg\" target=\"_blank\" rel=\"noopener\"><br \/>\n\t\t\t\t\t\tYoutube<br \/>\n\t\t\t\t\t\t\t\t\t\t\t<\/a><\/p>\n<h4>Lingua<\/h4>\n<p>\u00a9 MMXXIII TDR TUTTI I DIRITTI RISERVATI   &#8211;   Marf Disegno<\/p>\n","protected":false},"excerpt":{"rendered":"<p>Informazioni su Marf Disegno MARF DISEGNO \u00e8 un progetto che rappresenta il mio portafoglio e allo stesso tempo riunisce tutto il mio lavoro legato al disegno, alla fotografia, all&#8217; edizione, alla ricerca e altri. Questi a loro volta sono distribuiti su diverse piattaforme tematiche o marchi, tra cui INZZPIRA, NOCTURX, ARS FOCUS, ognuno focalizzato su [&hellip;]<\/p>\n","protected":false},"author":1,"featured_media":4490,"parent":0,"menu_order":0,"comment_status":"closed","ping_status":"closed","template":"elementor_canvas","meta":{"footnotes":""},"class_list":["post-9573","page","type-page","status-publish","has-post-thumbnail","hentry"],"_links":{"self":[{"href":"https:\/\/pruebas.marfdisegno.com\/index.php\/wp-json\/wp\/v2\/pages\/9573","targetHints":{"allow":["GET"]}}],"collection":[{"href":"https:\/\/pruebas.marfdisegno.com\/index.php\/wp-json\/wp\/v2\/pages"}],"about":[{"href":"https:\/\/pruebas.marfdisegno.com\/index.php\/wp-json\/wp\/v2\/types\/page"}],"author":[{"embeddable":true,"href":"https:\/\/pruebas.marfdisegno.com\/index.php\/wp-json\/wp\/v2\/users\/1"}],"replies":[{"embeddable":true,"href":"https:\/\/pruebas.marfdisegno.com\/index.php\/wp-json\/wp\/v2\/comments?post=9573"}],"version-history":[{"count":0,"href":"https:\/\/pruebas.marfdisegno.com\/index.php\/wp-json\/wp\/v2\/pages\/9573\/revisions"}],"wp:featuredmedia":[{"embeddable":true,"href":"https:\/\/pruebas.marfdisegno.com\/index.php\/wp-json\/wp\/v2\/media\/4490"}],"wp:attachment":[{"href":"https:\/\/pruebas.marfdisegno.com\/index.php\/wp-json\/wp\/v2\/media?parent=9573"}],"curies":[{"name":"wp","href":"https:\/\/api.w.org\/{rel}","templated":true}]}}