{"id":983,"date":"2020-08-24T17:29:33","date_gmt":"2020-08-24T21:29:33","guid":{"rendered":"https:\/\/marfdisegno.wordpress.com\/?page_id=983"},"modified":"2020-08-24T17:29:33","modified_gmt":"2020-08-24T21:29:33","slug":"fotografia","status":"publish","type":"page","link":"https:\/\/pruebas.marfdisegno.com\/index.php\/portafolium\/fotografia\/","title":{"rendered":"Fotograf\u00eda"},"content":{"rendered":"<h6>Portafolium<\/h6>\n<h4>Visita Marf Fotograf\u00eda<\/h4>\n<p>\t\t\t\t\t\tRecorre todo mi portafolio de fotograf\u00eda en el sitio exclusivo<br \/>\n\t\t\t\t\t<a href=\"https:\/\/fotografia.marfdisegno.com\/\" target=\"_blank\" rel=\"noopener\"><br \/>\n\t\t\t\t\t\tIr al sitio\t\t\t\t\t<\/a><br \/>\n\t\t\t\t\t<a href=\"https:\/\/marfdisegno.com\/portafolium\/\"><\/p>\n<h2>Volver a Portafolium<\/h2>\n<p>\t\t\t\t\t\t<\/a><br \/>\n\t\t\t\t\t<a href=\"https:\/\/marfdisegno.com\/portafolium\/paginas-sitios-web\/\"><\/p>\n<h2>Portafolium: Sitio web<\/h2>\n<p>\t\t\t\t\t\t<\/a><br \/>\n\t\t\t\t\t<a href=\"https:\/\/marfdisegno.com\/portafolium\/fotomontajes-y-edicion-fotografica\/\"><\/p>\n<h2>Portafolium: Edici\u00f3n Fotogr\u00e1fica<\/h2>\n<p>\t\t\t\t\t\t<\/a><br \/>\n\t\t\t\t\t<a href=\"https:\/\/fotografia.marfdisegno.com\/\" target=\"_blank\" rel=\"nofollow noopener\"><\/p>\n<h2>Ir a Marf Fotograf\u00eda<\/h2>\n<p>\t\t\t\t\t\t<\/a><\/p>\n","protected":false},"excerpt":{"rendered":"<p>Portafolium Visita Marf Fotograf\u00eda Recorre todo mi portafolio de fotograf\u00eda en el sitio exclusivo Ir al sitio Volver a Portafolium Portafolium: Sitio web Portafolium: Edici\u00f3n Fotogr\u00e1fica Ir a Marf Fotograf\u00eda<\/p>\n","protected":false},"author":1,"featured_media":0,"parent":356,"menu_order":0,"comment_status":"closed","ping_status":"closed","template":"elementor_header_footer","meta":{"footnotes":""},"class_list":["post-983","page","type-page","status-publish","hentry"],"_links":{"self":[{"href":"https:\/\/pruebas.marfdisegno.com\/index.php\/wp-json\/wp\/v2\/pages\/983","targetHints":{"allow":["GET"]}}],"collection":[{"href":"https:\/\/pruebas.marfdisegno.com\/index.php\/wp-json\/wp\/v2\/pages"}],"about":[{"href":"https:\/\/pruebas.marfdisegno.com\/index.php\/wp-json\/wp\/v2\/types\/page"}],"author":[{"embeddable":true,"href":"https:\/\/pruebas.marfdisegno.com\/index.php\/wp-json\/wp\/v2\/users\/1"}],"replies":[{"embeddable":true,"href":"https:\/\/pruebas.marfdisegno.com\/index.php\/wp-json\/wp\/v2\/comments?post=983"}],"version-history":[{"count":0,"href":"https:\/\/pruebas.marfdisegno.com\/index.php\/wp-json\/wp\/v2\/pages\/983\/revisions"}],"up":[{"embeddable":true,"href":"https:\/\/pruebas.marfdisegno.com\/index.php\/wp-json\/wp\/v2\/pages\/356"}],"wp:attachment":[{"href":"https:\/\/pruebas.marfdisegno.com\/index.php\/wp-json\/wp\/v2\/media?parent=983"}],"curies":[{"name":"wp","href":"https:\/\/api.w.org\/{rel}","templated":true}]}}